{"id":15931,"date":"2022-10-16T12:15:22","date_gmt":"2022-10-16T10:15:22","guid":{"rendered":"https:\/\/barkeepernation.com\/cocktails\/cachaca\/"},"modified":"2023-09-10T12:33:29","modified_gmt":"2023-09-10T10:33:29","slug":"cachaca","status":"publish","type":"page","link":"https:\/\/barkeepernation.com\/es\/cocktails\/cachaca\/","title":{"rendered":"Cacha\u00e7a Cocktails"},"content":{"rendered":"\t\t<div data-elementor-type=\"wp-page\" data-elementor-id=\"15931\" class=\"elementor elementor-15931 elementor-1182\">\n\t\t\t\t\t\t\t\t\t<section class=\"elementor-section elementor-top-section elementor-element elementor-element-329f999 elementor-section-height-min-height elementor-section-boxed elementor-section-height-default elementor-section-items-middle\" data-id=\"329f999\" data-element_type=\"section\" data-settings=\"{&quot;jet_parallax_layout_list&quot;:[{&quot;jet_parallax_layout_image&quot;:{&quot;url&quot;:&quot;&quot;,&quot;id&quot;:&quot;&quot;,&quot;size&quot;:&quot;&quot;},&quot;_id&quot;:&quot;1cd1c51&quot;,&quot;jet_parallax_layout_image_tablet&quot;:{&quot;url&quot;:&quot;&quot;,&quot;id&quot;:&quot;&quot;,&quot;size&quot;:&quot;&quot;},&quot;jet_parallax_layout_image_mobile&quot;:{&quot;url&quot;:&quot;&quot;,&quot;id&quot;:&quot;&quot;,&quot;size&quot;:&quot;&quot;},&quot;jet_parallax_layout_speed&quot;:{&quot;unit&quot;:&quot;%&quot;,&quot;size&quot;:50,&quot;sizes&quot;:[]},&quot;jet_parallax_layout_type&quot;:&quot;scroll&quot;,&quot;jet_parallax_layout_direction&quot;:null,&quot;jet_parallax_layout_fx_direction&quot;:null,&quot;jet_parallax_layout_z_index&quot;:&quot;&quot;,&quot;jet_parallax_layout_bg_x&quot;:50,&quot;jet_parallax_layout_bg_x_tablet&quot;:&quot;&quot;,&quot;jet_parallax_layout_bg_x_mobile&quot;:&quot;&quot;,&quot;jet_parallax_layout_bg_y&quot;:50,&quot;jet_parallax_layout_bg_y_tablet&quot;:&quot;&quot;,&quot;jet_parallax_layout_bg_y_mobile&quot;:&quot;&quot;,&quot;jet_parallax_layout_bg_size&quot;:&quot;auto&quot;,&quot;jet_parallax_layout_bg_size_tablet&quot;:&quot;&quot;,&quot;jet_parallax_layout_bg_size_mobile&quot;:&quot;&quot;,&quot;jet_parallax_layout_animation_prop&quot;:&quot;transform&quot;,&quot;jet_parallax_layout_on&quot;:[&quot;desktop&quot;,&quot;tablet&quot;]}],&quot;background_background&quot;:&quot;classic&quot;,&quot;shape_divider_bottom&quot;:&quot;tilt&quot;}\">\n\t\t\t\t\t\t\t<div class=\"elementor-background-overlay\"><\/div>\n\t\t\t\t\t\t<div class=\"elementor-shape elementor-shape-bottom\" data-negative=\"false\">\n\t\t\t<svg xmlns=\"http:\/\/www.w3.org\/2000\/svg\" viewBox=\"0 0 1000 100\" preserveAspectRatio=\"none\">\n\t<path class=\"elementor-shape-fill\" d=\"M0,6V0h1000v100L0,6z\"\/>\n<\/svg>\t\t<\/div>\n\t\t\t\t\t<div class=\"elementor-container elementor-column-gap-no\">\n\t\t\t\t\t<div class=\"elementor-column elementor-col-100 elementor-top-column elementor-element elementor-element-de655fe\" data-id=\"de655fe\" data-element_type=\"column\">\n\t\t\t<div class=\"elementor-widget-wrap elementor-element-populated\">\n\t\t\t\t\t\t\t\t<div class=\"elementor-element elementor-element-d3d0f8c elementor-widget elementor-widget-heading\" data-id=\"d3d0f8c\" data-element_type=\"widget\" data-widget_type=\"heading.default\">\n\t\t\t\t<div class=\"elementor-widget-container\">\n\t\t\t<style>\/*! elementor - v3.11.4 - 12-03-2023 *\/\n.elementor-heading-title{padding:0;margin:0;line-height:1}.elementor-widget-heading .elementor-heading-title[class*=elementor-size-]>a{color:inherit;font-size:inherit;line-height:inherit}.elementor-widget-heading .elementor-heading-title.elementor-size-small{font-size:15px}.elementor-widget-heading .elementor-heading-title.elementor-size-medium{font-size:19px}.elementor-widget-heading .elementor-heading-title.elementor-size-large{font-size:29px}.elementor-widget-heading .elementor-heading-title.elementor-size-xl{font-size:39px}.elementor-widget-heading .elementor-heading-title.elementor-size-xxl{font-size:59px}<\/style><h1 class=\"elementor-heading-title elementor-size-default\">Recetas de c\u00f3cteles con cachaca<\/h1>\t\t<\/div>\n\t\t\t\t<\/div>\n\t\t\t\t<div class=\"elementor-element elementor-element-e611a8a elementor-align-center elementor-widget elementor-widget-raven-divider\" data-id=\"e611a8a\" data-element_type=\"widget\" data-widget_type=\"raven-divider.default\">\n\t\t\t\t<div class=\"elementor-widget-container\">\n\t\t\t\t\t<div class=\"raven-widget-wrapper\">\n\t\t\t<div class=\"raven-divider\">\n\t\t\t\t<span class=\"raven-divider-line raven-divider-solid\"><\/span>\n\t\t\t<\/div>\n\t\t<\/div>\n\t\t\t\t<\/div>\n\t\t\t\t<\/div>\n\t\t\t\t\t<\/div>\n\t\t<\/div>\n\t\t\t\t\t\t\t<\/div>\n\t\t<\/section>\n\t\t\t\t<section class=\"elementor-section elementor-top-section elementor-element elementor-element-54a0980 elementor-section-boxed elementor-section-height-default elementor-section-height-default\" data-id=\"54a0980\" data-element_type=\"section\" data-settings=\"{&quot;jet_parallax_layout_list&quot;:[{&quot;jet_parallax_layout_image&quot;:{&quot;url&quot;:&quot;&quot;,&quot;id&quot;:&quot;&quot;,&quot;size&quot;:&quot;&quot;},&quot;_id&quot;:&quot;1cd1c51&quot;,&quot;jet_parallax_layout_image_tablet&quot;:{&quot;url&quot;:&quot;&quot;,&quot;id&quot;:&quot;&quot;,&quot;size&quot;:&quot;&quot;},&quot;jet_parallax_layout_image_mobile&quot;:{&quot;url&quot;:&quot;&quot;,&quot;id&quot;:&quot;&quot;,&quot;size&quot;:&quot;&quot;},&quot;jet_parallax_layout_speed&quot;:{&quot;unit&quot;:&quot;%&quot;,&quot;size&quot;:50,&quot;sizes&quot;:[]},&quot;jet_parallax_layout_type&quot;:&quot;scroll&quot;,&quot;jet_parallax_layout_direction&quot;:null,&quot;jet_parallax_layout_fx_direction&quot;:null,&quot;jet_parallax_layout_z_index&quot;:&quot;&quot;,&quot;jet_parallax_layout_bg_x&quot;:50,&quot;jet_parallax_layout_bg_x_tablet&quot;:&quot;&quot;,&quot;jet_parallax_layout_bg_x_mobile&quot;:&quot;&quot;,&quot;jet_parallax_layout_bg_y&quot;:50,&quot;jet_parallax_layout_bg_y_tablet&quot;:&quot;&quot;,&quot;jet_parallax_layout_bg_y_mobile&quot;:&quot;&quot;,&quot;jet_parallax_layout_bg_size&quot;:&quot;auto&quot;,&quot;jet_parallax_layout_bg_size_tablet&quot;:&quot;&quot;,&quot;jet_parallax_layout_bg_size_mobile&quot;:&quot;&quot;,&quot;jet_parallax_layout_animation_prop&quot;:&quot;transform&quot;,&quot;jet_parallax_layout_on&quot;:[&quot;desktop&quot;,&quot;tablet&quot;]}]}\">\n\t\t\t\t\t\t<div class=\"elementor-container elementor-column-gap-default\">\n\t\t\t\t\t<div class=\"elementor-column elementor-col-100 elementor-top-column elementor-element elementor-element-248a93d\" data-id=\"248a93d\" data-element_type=\"column\">\n\t\t\t<div class=\"elementor-widget-wrap elementor-element-populated\">\n\t\t\t\t\t\t\t\t<div class=\"elementor-element elementor-element-626b268 elementor-align-left elementor-widget elementor-widget-raven-breadcrumbs\" data-id=\"626b268\" data-element_type=\"widget\" data-widget_type=\"raven-breadcrumbs.default\">\n\t\t\t\t<div class=\"elementor-widget-container\">\n\t\t\t<div class=\"raven-breadcrumbs raven-breadcrumbs-default\"><p class=\"breadcrumb\">\t\t\t\t<span class=\"breadcrumb-item active\" aria-current=\"page\"><span>Home<\/span><\/span>\n\n\t\t\t\t<\/p><\/div>\t\t<\/div>\n\t\t\t\t<\/div>\n\t\t\t\t<div class=\"elementor-element elementor-element-04f3deb elementor-widget elementor-widget-text-editor\" data-id=\"04f3deb\" data-element_type=\"widget\" data-widget_type=\"text-editor.default\">\n\t\t\t\t<div class=\"elementor-widget-container\">\n\t\t\t<style>\/*! elementor - v3.11.4 - 12-03-2023 *\/\n.elementor-widget-text-editor.elementor-drop-cap-view-stacked .elementor-drop-cap{background-color:#818a91;color:#fff}.elementor-widget-text-editor.elementor-drop-cap-view-framed .elementor-drop-cap{color:#818a91;border:3px solid;background-color:transparent}.elementor-widget-text-editor:not(.elementor-drop-cap-view-default) .elementor-drop-cap{margin-top:8px}.elementor-widget-text-editor:not(.elementor-drop-cap-view-default) .elementor-drop-cap-letter{width:1em;height:1em}.elementor-widget-text-editor .elementor-drop-cap{float:left;text-align:center;line-height:1;font-size:50px}.elementor-widget-text-editor .elementor-drop-cap-letter{display:inline-block}<\/style>\t\t\t\t<p>La bebida nacional de Brasil se llama cacha\u00e7a. Se trata de un destilado de ca\u00f1a de az\u00facar que puede consumirse en innumerables variantes y combinados. Sobre todo, los c\u00f3cteles de cacha\u00e7a son muy populares en su pa\u00eds de origen, Brasil. Y no hablamos s\u00f3lo de la Caipirinha. Se dice que en el pa\u00eds del f\u00fatbol, el carnaval y la alegr\u00eda de vivir hay unas 30.000 destiler\u00edas de cacha\u00e7a. Adem\u00e1s, se producen alrededor de un mill\u00f3n de litros de este destilado al a\u00f1o. Estas cantidades se consumen solas o con hielo, o se preparan c\u00f3cteles con cacha\u00e7a.<\/p>\t\t\t\t\t\t<\/div>\n\t\t\t\t<\/div>\n\t\t\t\t<div class=\"elementor-element elementor-element-f4205f0 elementor-widget elementor-widget-heading\" data-id=\"f4205f0\" data-element_type=\"widget\" data-widget_type=\"heading.default\">\n\t\t\t\t<div class=\"elementor-widget-container\">\n\t\t\t<h2 class=\"elementor-heading-title elementor-size-default\">Recetas de Cacha\u00e7a Cocktails<\/h2>\t\t<\/div>\n\t\t\t\t<\/div>\n\t\t\t\t<div class=\"elementor-element elementor-element-860d42a elementor-align-center elementor-widget elementor-widget-raven-divider\" data-id=\"860d42a\" data-element_type=\"widget\" data-widget_type=\"raven-divider.default\">\n\t\t\t\t<div class=\"elementor-widget-container\">\n\t\t\t\t\t<div class=\"raven-widget-wrapper\">\n\t\t\t<div class=\"raven-divider\">\n\t\t\t\t<span class=\"raven-divider-line raven-divider-solid\"><\/span>\n\t\t\t<\/div>\n\t\t<\/div>\n\t\t\t\t<\/div>\n\t\t\t\t<\/div>\n\t\t\t\t<div class=\"elementor-element elementor-element-4ab9e68 elementor-widget elementor-widget-jet-images-layout\" data-id=\"4ab9e68\" data-element_type=\"widget\" data-settings=\"{&quot;columns_mobile&quot;:&quot;1&quot;,&quot;columns&quot;:3}\" data-widget_type=\"jet-images-layout.default\">\n\t\t\t\t<div class=\"elementor-widget-container\">\n\t\t\t<div class=\"elementor-jet-images-layout jet-elements\">\n<div class=\"jet-images-layout layout-type-masonry\" data-settings='{\"layoutType\":\"masonry\",\"justifyHeight\":300}'>\n\t<div class=\"jet-images-layout__list salvattore column-desktop-3 column-tablet-2 column-mobile-1\" data-columns>\n<div class=\"jet-images-layout__item \">\n\t<div class=\"jet-images-layout__inner\">\n\t\t<div class=\"jet-images-layout__image-loader\"><span><\/span><\/div>\n\t\t<a class=\"jet-images-layout__link \" href=\"https:\/\/barkeepernation.com\/es\/cocktails\/cachaca\/caipirinha\/\" target=\"_self\" rel=\"\">\n\t\t\t<div class=\"jet-images-layout__image\">\n\t\t\t\t<img decoding=\"async\" class=\"jet-images-layout__image-instance\" src=\"https:\/\/barkeepernation.com\/wp-content\/uploads\/2022\/11\/caipirinha-cocktail.jpg\" alt=\"caipirinha cocktail\" loading=\"lazy\">\t\t\t<\/div>\n\t\t\t<div class=\"jet-images-layout__content\"><p class=\"jet-images-layout__title\">Caipirinha<\/p><\/div>\n\t\t<\/a>\n\t<\/div>\n<\/div>\n<div class=\"jet-images-layout__item \">\n\t<div class=\"jet-images-layout__inner\">\n\t\t<div class=\"jet-images-layout__image-loader\"><span><\/span><\/div>\n\t\t<a class=\"jet-images-layout__link \" href=\"https:\/\/barkeepernation.com\/es\/cocktails\/cachaca\/brasil-strawberry\/\" target=\"_self\" rel=\"\">\n\t\t\t<div class=\"jet-images-layout__image\">\n\t\t\t\t<img decoding=\"async\" class=\"jet-images-layout__image-instance\" src=\"https:\/\/barkeepernation.com\/wp-content\/uploads\/2022\/10\/brasil-strawberry.jpg\" alt=\"brasil strawberry\" loading=\"lazy\">\t\t\t<\/div>\n\t\t\t<div class=\"jet-images-layout__content\"><p class=\"jet-images-layout__title\">Brasil Strawberry<\/p><\/div>\n\t\t<\/a>\n\t<\/div>\n<\/div>\n<div class=\"jet-images-layout__item \">\n\t<div class=\"jet-images-layout__inner\">\n\t\t<div class=\"jet-images-layout__image-loader\"><span><\/span><\/div>\n\t\t<a class=\"jet-images-layout__link \" href=\"https:\/\/barkeepernation.com\/es\/cocktails\/cachaca\/laranja-cocktail\/\" target=\"_self\" rel=\"\">\n\t\t\t<div class=\"jet-images-layout__image\">\n\t\t\t\t<img decoding=\"async\" class=\"jet-images-layout__image-instance\" src=\"https:\/\/barkeepernation.com\/wp-content\/uploads\/2022\/10\/laranja-cocktail.jpg\" alt=\"laranja cocktail\" loading=\"lazy\">\t\t\t<\/div>\n\t\t\t<div class=\"jet-images-layout__content\"><p class=\"jet-images-layout__title\">Laranja Cocktail<\/p><\/div>\n\t\t<\/a>\n\t<\/div>\n<\/div>\n<\/div><\/div>\n<\/div>\t\t<\/div>\n\t\t\t\t<\/div>\n\t\t\t\t<div class=\"elementor-element elementor-element-4c0d55de elementor-align-center elementor-widget elementor-widget-button\" data-id=\"4c0d55de\" data-element_type=\"widget\" data-widget_type=\"button.default\">\n\t\t\t\t<div class=\"elementor-widget-container\">\n\t\t\t\t\t<div class=\"elementor-button-wrapper\">\n\t\t\t<a href=\"https:\/\/barkeepernation.com\/es\/cocktails\/cachaca\/all\/\" class=\"elementor-button-link elementor-button elementor-size-sm\" role=\"button\">\n\t\t\t\t\t\t<span class=\"elementor-button-content-wrapper\">\n\t\t\t\t\t\t<span class=\"elementor-button-text\">M\u00e1s informaci\u00f3n<\/span>\n\t\t<\/span>\n\t\t\t\t\t<\/a>\n\t\t<\/div>\n\t\t\t\t<\/div>\n\t\t\t\t<\/div>\n\t\t\t\t<div class=\"elementor-element elementor-element-25a7183 elementor-widget elementor-widget-heading\" data-id=\"25a7183\" data-element_type=\"widget\" data-widget_type=\"heading.default\">\n\t\t\t\t<div class=\"elementor-widget-container\">\n\t\t\t<h2 class=\"elementor-heading-title elementor-size-default\">M\u00e1s sobre recetas de c\u00f3cteles con cacha\u00e7a<\/h2>\t\t<\/div>\n\t\t\t\t<\/div>\n\t\t\t\t<div class=\"elementor-element elementor-element-f1d7efe elementor-align-left elementor-widget elementor-widget-raven-divider\" data-id=\"f1d7efe\" data-element_type=\"widget\" data-widget_type=\"raven-divider.default\">\n\t\t\t\t<div class=\"elementor-widget-container\">\n\t\t\t\t\t<div class=\"raven-widget-wrapper\">\n\t\t\t<div class=\"raven-divider\">\n\t\t\t\t<span class=\"raven-divider-line raven-divider-solid\"><\/span>\n\t\t\t<\/div>\n\t\t<\/div>\n\t\t\t\t<\/div>\n\t\t\t\t<\/div>\n\t\t\t\t<div class=\"elementor-element elementor-element-c912187 elementor-widget elementor-widget-text-editor\" data-id=\"c912187\" data-element_type=\"widget\" data-widget_type=\"text-editor.default\">\n\t\t\t\t<div class=\"elementor-widget-container\">\n\t\t\t\t\t\t\t<p>Los c\u00f3cteles con cacha\u00e7a son muy desconocidos en Europa y Alemania. Cuando se piensa en bebidas combinadas con la bebida espirituosa brasile\u00f1a, probablemente se piensa inmediatamente en la caipirinha. Esta bebida mezclada no deber\u00eda faltar en ninguna carta de c\u00f3cteles, bar o fiesta en la playa. Es m\u00e1s, la bebida es una delicia para casi cualquier ocasi\u00f3n veraniega. Pero eso no es todo lo que se puede hacer con cachaza. Nos gustar\u00eda presentarle una amplia selecci\u00f3n de diferentes bebidas mezcladas que puede preparar con la bebida espirituosa brasile\u00f1a. Divi\u00e9rtase descubriendo y disfrutando.<\/p>\t\t\t\t\t\t<\/div>\n\t\t\t\t<\/div>\n\t\t\t\t<div class=\"elementor-element elementor-element-e617bcd elementor-widget elementor-widget-shortcode\" data-id=\"e617bcd\" data-element_type=\"widget\" data-widget_type=\"shortcode.default\">\n\t\t\t\t<div class=\"elementor-widget-container\">\n\t\t\t\t\t<div class=\"elementor-shortcode\">\t\t<div data-elementor-type=\"section\" data-elementor-id=\"264\" class=\"elementor elementor-264\">\n\t\t\t\t\t\t\t\t\t<section class=\"elementor-section elementor-top-section elementor-element elementor-element-61654f2 elementor-hidden-desktop elementor-hidden-tablet elementor-hidden-mobile elementor-section-boxed elementor-section-height-default elementor-section-height-default\" data-id=\"61654f2\" data-element_type=\"section\" data-settings=\"{&quot;jet_parallax_layout_list&quot;:[]}\">\n\t\t\t\t\t\t<div class=\"elementor-container elementor-column-gap-default\">\n\t\t\t\t\t<div class=\"elementor-column elementor-col-100 elementor-top-column elementor-element elementor-element-7dcd9f2\" data-id=\"7dcd9f2\" data-element_type=\"column\">\n\t\t\t<div class=\"elementor-widget-wrap elementor-element-populated\">\n\t\t\t\t\t\t\t\t<div class=\"elementor-element elementor-element-3d634ee elementor-widget elementor-widget-shortcode\" data-id=\"3d634ee\" data-element_type=\"widget\" data-widget_type=\"shortcode.default\">\n\t\t\t\t<div class=\"elementor-widget-container\">\n\t\t\t\t\t<div class=\"elementor-shortcode\">\t\t<div data-elementor-type=\"section\" data-elementor-id=\"263\" class=\"elementor elementor-263\">\n\t\t\t\t\t\t\t\t\t<section class=\"elementor-section elementor-top-section elementor-element elementor-element-5c3f6f2 elementor-section-boxed elementor-section-height-default elementor-section-height-default\" data-id=\"5c3f6f2\" data-element_type=\"section\" data-settings=\"{&quot;jet_parallax_layout_list&quot;:[]}\">\n\t\t\t\t\t\t<div class=\"elementor-container elementor-column-gap-default\">\n\t\t\t\t\t<div class=\"elementor-column elementor-col-100 elementor-top-column elementor-element elementor-element-ce99562\" data-id=\"ce99562\" data-element_type=\"column\">\n\t\t\t<div class=\"elementor-widget-wrap elementor-element-populated\">\n\t\t\t\t\t\t\t\t<section class=\"elementor-section elementor-inner-section elementor-element elementor-element-74e2f5d elementor-section-boxed elementor-section-height-default elementor-section-height-default\" data-id=\"74e2f5d\" data-element_type=\"section\" data-settings=\"{&quot;jet_parallax_layout_list&quot;:[]}\">\n\t\t\t\t\t\t<div class=\"elementor-container elementor-column-gap-default\">\n\t\t\t\t\t<div class=\"elementor-column elementor-col-50 elementor-inner-column elementor-element elementor-element-840c92d\" data-id=\"840c92d\" data-element_type=\"column\">\n\t\t\t<div class=\"elementor-widget-wrap\">\n\t\t\t\t\t\t\t\t\t<\/div>\n\t\t<\/div>\n\t\t\t\t<div class=\"elementor-column elementor-col-50 elementor-inner-column elementor-element elementor-element-32c7fee\" data-id=\"32c7fee\" data-element_type=\"column\">\n\t\t\t<div class=\"elementor-widget-wrap\">\n\t\t\t\t\t\t\t\t\t<\/div>\n\t\t<\/div>\n\t\t\t\t\t\t\t<\/div>\n\t\t<\/section>\n\t\t\t\t\t<\/div>\n\t\t<\/div>\n\t\t\t\t\t\t\t<\/div>\n\t\t<\/section>\n\t\t\t\t\t\t\t<\/div>\n\t\t<\/div>\n\t\t\t\t<\/div>\n\t\t\t\t<\/div>\n\t\t\t\t\t<\/div>\n\t\t<\/div>\n\t\t\t\t\t\t\t<\/div>\n\t\t<\/section>\n\t\t\t\t\t\t\t<\/div>\n\t\t<\/div>\n\t\t\t\t<\/div>\n\t\t\t\t<\/div>\n\t\t\t\t\t<\/div>\n\t\t<\/div>\n\t\t\t\t\t\t\t<\/div>\n\t\t<\/section>\n\t\t\t\t\t\t\t<\/div>\n\t\t","protected":false},"excerpt":{"rendered":"<p>Recetas de c\u00f3cteles con cachaca Home La bebida nacional de Brasil se llama cacha\u00e7a. Se trata de un destilado de ca\u00f1a de az\u00facar que puede consumirse en innumerables variantes y combinados. Sobre todo, los c\u00f3cteles de cacha\u00e7a son muy populares en su pa\u00eds de origen, Brasil. Y no hablamos s\u00f3lo de la Caipirinha. Se dice [&hellip;]<\/p>\n","protected":false},"author":1,"featured_media":0,"parent":13144,"menu_order":0,"comment_status":"closed","ping_status":"closed","template":"elementor_header_footer","meta":{"_acf_changed":false,"footnotes":""},"class_list":["post-15931","page","type-page","status-publish","hentry"],"acf":[],"yoast_head":"<!-- This site is optimized with the Yoast SEO plugin v22.4 - https:\/\/yoast.com\/wordpress\/plugins\/seo\/ -->\n<title>\u25ba Samba en una Copa: Descubre los C\u00f3cteles con Cacha\u00e7a<\/title>\n<meta name=\"description\" content=\"Emb\u00e1rcate en una animada samba en una copa con c\u00f3cteles de cacha\u00e7a, abrazando la esencia de la mixolog\u00eda brasile\u00f1a.\" \/>\n<meta name=\"robots\" content=\"index, follow, max-snippet:-1, max-image-preview:large, max-video-preview:-1\" \/>\n<link rel=\"canonical\" href=\"https:\/\/barkeepernation.com\/es\/cocktails\/cachaca\/\" \/>\n<meta property=\"og:locale\" content=\"es_ES\" \/>\n<meta property=\"og:type\" content=\"article\" \/>\n<meta property=\"og:title\" content=\"\u25ba Samba en una Copa: Descubre los C\u00f3cteles con Cacha\u00e7a\" \/>\n<meta property=\"og:description\" content=\"Emb\u00e1rcate en una animada samba en una copa con c\u00f3cteles de cacha\u00e7a, abrazando la esencia de la mixolog\u00eda brasile\u00f1a.\" \/>\n<meta property=\"og:url\" content=\"https:\/\/barkeepernation.com\/es\/cocktails\/cachaca\/\" \/>\n<meta property=\"og:site_name\" content=\"Barkeeper Nation\" \/>\n<meta property=\"article:modified_time\" content=\"2023-09-10T10:33:29+00:00\" \/>\n<meta property=\"og:image\" content=\"https:\/\/barkeepernation.com\/wp-content\/uploads\/2022\/11\/caipirinha-cocktail.jpg\" \/>\n<meta name=\"twitter:card\" content=\"summary_large_image\" \/>\n<meta name=\"twitter:label1\" content=\"Tiempo de lectura\" \/>\n\t<meta name=\"twitter:data1\" content=\"2 minutos\" \/>\n<!-- \/ Yoast SEO plugin. -->","yoast_head_json":{"title":"\u25ba Samba en una Copa: Descubre los C\u00f3cteles con Cacha\u00e7a","description":"Emb\u00e1rcate en una animada samba en una copa con c\u00f3cteles de cacha\u00e7a, abrazando la esencia de la mixolog\u00eda brasile\u00f1a.","robots":{"index":"index","follow":"follow","max-snippet":"max-snippet:-1","max-image-preview":"max-image-preview:large","max-video-preview":"max-video-preview:-1"},"canonical":"https:\/\/barkeepernation.com\/es\/cocktails\/cachaca\/","og_locale":"es_ES","og_type":"article","og_title":"\u25ba Samba en una Copa: Descubre los C\u00f3cteles con Cacha\u00e7a","og_description":"Emb\u00e1rcate en una animada samba en una copa con c\u00f3cteles de cacha\u00e7a, abrazando la esencia de la mixolog\u00eda brasile\u00f1a.","og_url":"https:\/\/barkeepernation.com\/es\/cocktails\/cachaca\/","og_site_name":"Barkeeper Nation","article_modified_time":"2023-09-10T10:33:29+00:00","og_image":[{"url":"https:\/\/barkeepernation.com\/wp-content\/uploads\/2022\/11\/caipirinha-cocktail.jpg"}],"twitter_card":"summary_large_image","twitter_misc":{"Tiempo de lectura":"2 minutos"},"schema":{"@context":"https:\/\/schema.org","@graph":[{"@type":"WebPage","@id":"https:\/\/barkeepernation.com\/es\/cocktails\/cachaca\/","url":"https:\/\/barkeepernation.com\/es\/cocktails\/cachaca\/","name":"\u25ba Samba en una Copa: Descubre los C\u00f3cteles con Cacha\u00e7a","isPartOf":{"@id":"https:\/\/barkeepernation.com\/es\/#website"},"primaryImageOfPage":{"@id":"https:\/\/barkeepernation.com\/es\/cocktails\/cachaca\/#primaryimage"},"image":{"@id":"https:\/\/barkeepernation.com\/es\/cocktails\/cachaca\/#primaryimage"},"thumbnailUrl":"https:\/\/barkeepernation.com\/wp-content\/uploads\/2022\/11\/caipirinha-cocktail.jpg","datePublished":"2022-10-16T10:15:22+00:00","dateModified":"2023-09-10T10:33:29+00:00","description":"Emb\u00e1rcate en una animada samba en una copa con c\u00f3cteles de cacha\u00e7a, abrazando la esencia de la mixolog\u00eda brasile\u00f1a.","breadcrumb":{"@id":"https:\/\/barkeepernation.com\/es\/cocktails\/cachaca\/#breadcrumb"},"inLanguage":"es","potentialAction":[{"@type":"ReadAction","target":["https:\/\/barkeepernation.com\/es\/cocktails\/cachaca\/"]}]},{"@type":"ImageObject","inLanguage":"es","@id":"https:\/\/barkeepernation.com\/es\/cocktails\/cachaca\/#primaryimage","url":"https:\/\/barkeepernation.com\/wp-content\/uploads\/2022\/11\/caipirinha-cocktail.jpg","contentUrl":"https:\/\/barkeepernation.com\/wp-content\/uploads\/2022\/11\/caipirinha-cocktail.jpg"},{"@type":"BreadcrumbList","@id":"https:\/\/barkeepernation.com\/es\/cocktails\/cachaca\/#breadcrumb","itemListElement":[{"@type":"ListItem","position":1,"name":"Startseite","item":"https:\/\/barkeepernation.com\/es\/"},{"@type":"ListItem","position":2,"name":"Cocktails","item":"https:\/\/barkeepernation.com\/es\/cocktails\/"},{"@type":"ListItem","position":3,"name":"Cacha\u00e7a Cocktails"}]},{"@type":"WebSite","@id":"https:\/\/barkeepernation.com\/es\/#website","url":"https:\/\/barkeepernation.com\/es\/","name":"Barkeeper Nation","description":"Online Cocktail Recipes","publisher":{"@id":"https:\/\/barkeepernation.com\/es\/#organization"},"potentialAction":[{"@type":"SearchAction","target":{"@type":"EntryPoint","urlTemplate":"https:\/\/barkeepernation.com\/es\/?s={search_term_string}"},"query-input":"required name=search_term_string"}],"inLanguage":"es"},{"@type":"Organization","@id":"https:\/\/barkeepernation.com\/es\/#organization","name":"Barkeeper Nation","url":"https:\/\/barkeepernation.com\/es\/","logo":{"@type":"ImageObject","inLanguage":"es","@id":"https:\/\/barkeepernation.com\/es\/#\/schema\/logo\/image\/","url":"https:\/\/barkeepernation.com\/wp-content\/uploads\/2022\/12\/barkeeper-nation-logo.png","contentUrl":"https:\/\/barkeepernation.com\/wp-content\/uploads\/2022\/12\/barkeeper-nation-logo.png","width":1024,"height":392,"caption":"Barkeeper Nation"},"image":{"@id":"https:\/\/barkeepernation.com\/es\/#\/schema\/logo\/image\/"}}]}},"_links":{"self":[{"href":"https:\/\/barkeepernation.com\/es\/wp-json\/wp\/v2\/pages\/15931","targetHints":{"allow":["GET"]}}],"collection":[{"href":"https:\/\/barkeepernation.com\/es\/wp-json\/wp\/v2\/pages"}],"about":[{"href":"https:\/\/barkeepernation.com\/es\/wp-json\/wp\/v2\/types\/page"}],"author":[{"embeddable":true,"href":"https:\/\/barkeepernation.com\/es\/wp-json\/wp\/v2\/users\/1"}],"replies":[{"embeddable":true,"href":"https:\/\/barkeepernation.com\/es\/wp-json\/wp\/v2\/comments?post=15931"}],"version-history":[{"count":0,"href":"https:\/\/barkeepernation.com\/es\/wp-json\/wp\/v2\/pages\/15931\/revisions"}],"up":[{"embeddable":true,"href":"https:\/\/barkeepernation.com\/es\/wp-json\/wp\/v2\/pages\/13144"}],"wp:attachment":[{"href":"https:\/\/barkeepernation.com\/es\/wp-json\/wp\/v2\/media?parent=15931"}],"curies":[{"name":"wp","href":"https:\/\/api.w.org\/{rel}","templated":true}]}}