{"id":69303,"date":"2023-11-03T20:19:22","date_gmt":"2023-11-03T19:19:22","guid":{"rendered":"https:\/\/barkeepernation.com\/?page_id=69303"},"modified":"2023-11-04T15:13:21","modified_gmt":"2023-11-04T14:13:21","slug":"dustin","status":"publish","type":"page","link":"https:\/\/barkeepernation.com\/es\/dustin\/","title":{"rendered":"Dustin"},"content":{"rendered":"\t\t<div data-elementor-type=\"wp-page\" data-elementor-id=\"69303\" class=\"elementor elementor-69303 elementor-69302\">\n\t\t\t\t\t\t\t\t\t<section class=\"elementor-section elementor-top-section elementor-element elementor-element-329f999 elementor-section-height-min-height elementor-section-boxed elementor-section-height-default elementor-section-items-middle\" data-id=\"329f999\" data-element_type=\"section\" data-settings=\"{&quot;jet_parallax_layout_list&quot;:[{&quot;jet_parallax_layout_image&quot;:{&quot;url&quot;:&quot;&quot;,&quot;id&quot;:&quot;&quot;,&quot;size&quot;:&quot;&quot;},&quot;_id&quot;:&quot;1cd1c51&quot;,&quot;jet_parallax_layout_image_tablet&quot;:{&quot;url&quot;:&quot;&quot;,&quot;id&quot;:&quot;&quot;,&quot;size&quot;:&quot;&quot;},&quot;jet_parallax_layout_image_mobile&quot;:{&quot;url&quot;:&quot;&quot;,&quot;id&quot;:&quot;&quot;,&quot;size&quot;:&quot;&quot;},&quot;jet_parallax_layout_speed&quot;:{&quot;unit&quot;:&quot;%&quot;,&quot;size&quot;:50,&quot;sizes&quot;:[]},&quot;jet_parallax_layout_type&quot;:&quot;scroll&quot;,&quot;jet_parallax_layout_direction&quot;:null,&quot;jet_parallax_layout_fx_direction&quot;:null,&quot;jet_parallax_layout_z_index&quot;:&quot;&quot;,&quot;jet_parallax_layout_bg_x&quot;:50,&quot;jet_parallax_layout_bg_x_tablet&quot;:&quot;&quot;,&quot;jet_parallax_layout_bg_x_mobile&quot;:&quot;&quot;,&quot;jet_parallax_layout_bg_y&quot;:50,&quot;jet_parallax_layout_bg_y_tablet&quot;:&quot;&quot;,&quot;jet_parallax_layout_bg_y_mobile&quot;:&quot;&quot;,&quot;jet_parallax_layout_bg_size&quot;:&quot;auto&quot;,&quot;jet_parallax_layout_bg_size_tablet&quot;:&quot;&quot;,&quot;jet_parallax_layout_bg_size_mobile&quot;:&quot;&quot;,&quot;jet_parallax_layout_animation_prop&quot;:&quot;transform&quot;,&quot;jet_parallax_layout_on&quot;:[&quot;desktop&quot;,&quot;tablet&quot;]}],&quot;background_background&quot;:&quot;classic&quot;}\">\n\t\t\t\t\t\t\t<div class=\"elementor-background-overlay\"><\/div>\n\t\t\t\t\t\t\t<div class=\"elementor-container elementor-column-gap-no\">\n\t\t\t\t\t<div class=\"elementor-column elementor-col-100 elementor-top-column elementor-element elementor-element-de655fe\" data-id=\"de655fe\" data-element_type=\"column\">\n\t\t\t<div class=\"elementor-widget-wrap elementor-element-populated\">\n\t\t\t\t\t\t\t\t<section class=\"elementor-section elementor-inner-section elementor-element elementor-element-79a92e9 elementor-section-boxed elementor-section-height-default elementor-section-height-default\" data-id=\"79a92e9\" data-element_type=\"section\" data-settings=\"{&quot;jet_parallax_layout_list&quot;:[]}\">\n\t\t\t\t\t\t<div class=\"elementor-container elementor-column-gap-default\">\n\t\t\t\t\t<div class=\"elementor-column elementor-col-33 elementor-inner-column elementor-element elementor-element-d6efb85\" data-id=\"d6efb85\" data-element_type=\"column\">\n\t\t\t<div class=\"elementor-widget-wrap\">\n\t\t\t\t\t\t\t\t\t<\/div>\n\t\t<\/div>\n\t\t\t\t<div class=\"elementor-column elementor-col-33 elementor-inner-column elementor-element elementor-element-85da35b\" data-id=\"85da35b\" data-element_type=\"column\">\n\t\t\t<div class=\"elementor-widget-wrap elementor-element-populated\">\n\t\t\t\t\t\t\t\t<div class=\"elementor-element elementor-element-d3d0f8c elementor-widget elementor-widget-heading\" data-id=\"d3d0f8c\" data-element_type=\"widget\" data-widget_type=\"heading.default\">\n\t\t\t\t<div class=\"elementor-widget-container\">\n\t\t\t<style>\/*! elementor - v3.11.4 - 12-03-2023 *\/\n.elementor-heading-title{padding:0;margin:0;line-height:1}.elementor-widget-heading .elementor-heading-title[class*=elementor-size-]>a{color:inherit;font-size:inherit;line-height:inherit}.elementor-widget-heading .elementor-heading-title.elementor-size-small{font-size:15px}.elementor-widget-heading .elementor-heading-title.elementor-size-medium{font-size:19px}.elementor-widget-heading .elementor-heading-title.elementor-size-large{font-size:29px}.elementor-widget-heading .elementor-heading-title.elementor-size-xl{font-size:39px}.elementor-widget-heading .elementor-heading-title.elementor-size-xxl{font-size:59px}<\/style><h1 class=\"elementor-heading-title elementor-size-default\">Dustin<\/h1>\t\t<\/div>\n\t\t\t\t<\/div>\n\t\t\t\t<div class=\"elementor-element elementor-element-e611a8a elementor-align-center elementor-widget elementor-widget-raven-divider\" data-id=\"e611a8a\" data-element_type=\"widget\" data-widget_type=\"raven-divider.default\">\n\t\t\t\t<div class=\"elementor-widget-container\">\n\t\t\t\t\t<div class=\"raven-widget-wrapper\">\n\t\t\t<div class=\"raven-divider\">\n\t\t\t\t<span class=\"raven-divider-line raven-divider-solid\"><\/span>\n\t\t\t<\/div>\n\t\t<\/div>\n\t\t\t\t<\/div>\n\t\t\t\t<\/div>\n\t\t\t\t\t<\/div>\n\t\t<\/div>\n\t\t\t\t<div class=\"elementor-column elementor-col-33 elementor-inner-column elementor-element elementor-element-f1c04b8\" data-id=\"f1c04b8\" data-element_type=\"column\">\n\t\t\t<div class=\"elementor-widget-wrap\">\n\t\t\t\t\t\t\t\t\t<\/div>\n\t\t<\/div>\n\t\t\t\t\t\t\t<\/div>\n\t\t<\/section>\n\t\t\t\t\t<\/div>\n\t\t<\/div>\n\t\t\t\t\t\t\t<\/div>\n\t\t<\/section>\n\t\t\t\t<section class=\"elementor-section elementor-top-section elementor-element elementor-element-ce6a952 elementor-section-boxed elementor-section-height-default elementor-section-height-default\" data-id=\"ce6a952\" data-element_type=\"section\" data-settings=\"{&quot;jet_parallax_layout_list&quot;:[]}\">\n\t\t\t\t\t\t<div class=\"elementor-container elementor-column-gap-default\">\n\t\t\t\t\t<div class=\"elementor-column elementor-col-100 elementor-top-column elementor-element elementor-element-fb08776\" data-id=\"fb08776\" data-element_type=\"column\">\n\t\t\t<div class=\"elementor-widget-wrap elementor-element-populated\">\n\t\t\t\t\t\t\t\t<section class=\"elementor-section elementor-inner-section elementor-element elementor-element-279dcfd elementor-section-boxed elementor-section-height-default elementor-section-height-default\" data-id=\"279dcfd\" data-element_type=\"section\" data-settings=\"{&quot;jet_parallax_layout_list&quot;:[]}\">\n\t\t\t\t\t\t<div class=\"elementor-container elementor-column-gap-default\">\n\t\t\t\t\t<div class=\"elementor-column elementor-col-100 elementor-inner-column elementor-element elementor-element-bdbcd69\" data-id=\"bdbcd69\" data-element_type=\"column\">\n\t\t\t<div class=\"elementor-widget-wrap elementor-element-populated\">\n\t\t\t\t\t\t\t\t<div class=\"elementor-element elementor-element-ceac6b6 elementor-widget elementor-widget-text-editor\" data-id=\"ceac6b6\" data-element_type=\"widget\" data-widget_type=\"text-editor.default\">\n\t\t\t\t<div class=\"elementor-widget-container\">\n\t\t\t<style>\/*! elementor - v3.11.4 - 12-03-2023 *\/\n.elementor-widget-text-editor.elementor-drop-cap-view-stacked .elementor-drop-cap{background-color:#818a91;color:#fff}.elementor-widget-text-editor.elementor-drop-cap-view-framed .elementor-drop-cap{color:#818a91;border:3px solid;background-color:transparent}.elementor-widget-text-editor:not(.elementor-drop-cap-view-default) .elementor-drop-cap{margin-top:8px}.elementor-widget-text-editor:not(.elementor-drop-cap-view-default) .elementor-drop-cap-letter{width:1em;height:1em}.elementor-widget-text-editor .elementor-drop-cap{float:left;text-align:center;line-height:1;font-size:50px}.elementor-widget-text-editor .elementor-drop-cap-letter{display:inline-block}<\/style>\t\t\t\t<p>Conoce a Dustin, la fuerza impulsora de Barkeeper Nation. Con su profunda dedicaci\u00f3n al mundo de la cocteler\u00eda y su incansable b\u00fasqueda de hacer que los c\u00f3cteles sean accesibles para todos, Dustin est\u00e1 en el coraz\u00f3n de nuestra misi\u00f3n.<\/p>\t\t\t\t\t\t<\/div>\n\t\t\t\t<\/div>\n\t\t\t\t<div class=\"elementor-element elementor-element-db245eb elementor-widget elementor-widget-heading\" data-id=\"db245eb\" data-element_type=\"widget\" data-widget_type=\"heading.default\">\n\t\t\t\t<div class=\"elementor-widget-container\">\n\t\t\t<h2 class=\"elementor-heading-title elementor-size-default\">De afici\u00f3n a pasi\u00f3n<\/h2>\t\t<\/div>\n\t\t\t\t<\/div>\n\t\t\t\t<div class=\"elementor-element elementor-element-8bc33d6 elementor-widget elementor-widget-text-editor\" data-id=\"8bc33d6\" data-element_type=\"widget\" data-widget_type=\"text-editor.default\">\n\t\t\t\t<div class=\"elementor-widget-container\">\n\t\t\t\t\t\t\t<p>El viaje de Dustin en el mundo de la cocteler\u00eda y la mixolog\u00eda comenz\u00f3 en 2017 como un simple pasatiempo. Con el tiempo, su afici\u00f3n evolucion\u00f3 hasta convertirse en una verdadera pasi\u00f3n por crear y disfrutar de los c\u00f3cteles, lo que dio lugar al nacimiento de Barkeeper Nation.<\/p>\t\t\t\t\t\t<\/div>\n\t\t\t\t<\/div>\n\t\t\t\t\t<\/div>\n\t\t<\/div>\n\t\t\t\t\t\t\t<\/div>\n\t\t<\/section>\n\t\t\t\t<div class=\"elementor-element elementor-element-468f1bd elementor-widget elementor-widget-heading\" data-id=\"468f1bd\" data-element_type=\"widget\" data-widget_type=\"heading.default\">\n\t\t\t\t<div class=\"elementor-widget-container\">\n\t\t\t<h2 class=\"elementor-heading-title elementor-size-default\">El l\u00edder visionario<\/h2>\t\t<\/div>\n\t\t\t\t<\/div>\n\t\t\t\t<div class=\"elementor-element elementor-element-039b6a9 elementor-widget elementor-widget-text-editor\" data-id=\"039b6a9\" data-element_type=\"widget\" data-widget_type=\"text-editor.default\">\n\t\t\t\t<div class=\"elementor-widget-container\">\n\t\t\t\t\t\t\t<p>Como principal punto de contacto del equipo de Barkeeper Nation, el papel de Dustin va m\u00e1s all\u00e1 del t\u00edpico propietario de un sitio web. Es el visionario que se propuso hacer el mundo de los c\u00f3cteles m\u00e1s accesible y agradable. Su compromiso con esta visi\u00f3n ha sido inquebrantable desde el primer d\u00eda.<\/p>\t\t\t\t\t\t<\/div>\n\t\t\t\t<\/div>\n\t\t\t\t<div class=\"elementor-element elementor-element-d78393c elementor-widget elementor-widget-heading\" data-id=\"d78393c\" data-element_type=\"widget\" data-widget_type=\"heading.default\">\n\t\t\t\t<div class=\"elementor-widget-container\">\n\t\t\t<h2 class=\"elementor-heading-title elementor-size-default\">Un defensor de la apertura<\/h2>\t\t<\/div>\n\t\t\t\t<\/div>\n\t\t\t\t<div class=\"elementor-element elementor-element-c3fb6a3 elementor-widget elementor-widget-text-editor\" data-id=\"c3fb6a3\" data-element_type=\"widget\" data-widget_type=\"text-editor.default\">\n\t\t\t\t<div class=\"elementor-widget-container\">\n\t\t\t\t\t\t\t<p>Dustin cree firmemente que preparar c\u00f3cteles deber\u00eda ser un placer para todo el mundo, independientemente de su nivel de experiencia. Su compromiso de simplificar el proceso de la cocteler\u00eda y ofrecer recetas sencillas es la base del \u00e9xito de Barkeeper Nation.<\/p>\t\t\t\t\t\t<\/div>\n\t\t\t\t<\/div>\n\t\t\t\t\t<\/div>\n\t\t<\/div>\n\t\t\t\t\t\t\t<\/div>\n\t\t<\/section>\n\t\t\t\t\t\t\t<\/div>\n\t\t","protected":false},"excerpt":{"rendered":"<p>Dustin Conoce a Dustin, la fuerza impulsora de Barkeeper Nation. Con su profunda dedicaci\u00f3n al mundo de la cocteler\u00eda y su incansable b\u00fasqueda de hacer que los c\u00f3cteles sean accesibles para todos, Dustin est\u00e1 en el coraz\u00f3n de nuestra misi\u00f3n. De afici\u00f3n a pasi\u00f3n El viaje de Dustin en el mundo de la cocteler\u00eda y [&hellip;]<\/p>\n","protected":false},"author":2,"featured_media":0,"parent":0,"menu_order":0,"comment_status":"closed","ping_status":"closed","template":"elementor_header_footer","meta":{"_acf_changed":false,"footnotes":""},"class_list":["post-69303","page","type-page","status-publish","hentry"],"acf":[],"yoast_head":"<!-- This site is optimized with the Yoast SEO plugin v22.4 - https:\/\/yoast.com\/wordpress\/plugins\/seo\/ -->\n<title>Dustin - Barkeeper Nation<\/title>\n<meta name=\"robots\" content=\"index, follow, max-snippet:-1, max-image-preview:large, max-video-preview:-1\" \/>\n<link rel=\"canonical\" href=\"https:\/\/barkeepernation.com\/es\/dustin\/\" \/>\n<meta property=\"og:locale\" content=\"es_ES\" \/>\n<meta property=\"og:type\" content=\"article\" \/>\n<meta property=\"og:title\" content=\"Dustin - Barkeeper Nation\" \/>\n<meta property=\"og:description\" content=\"Dustin Conoce a Dustin, la fuerza impulsora de Barkeeper Nation. Con su profunda dedicaci\u00f3n al mundo de la cocteler\u00eda y su incansable b\u00fasqueda de hacer que los c\u00f3cteles sean accesibles para todos, Dustin est\u00e1 en el coraz\u00f3n de nuestra misi\u00f3n. De afici\u00f3n a pasi\u00f3n El viaje de Dustin en el mundo de la cocteler\u00eda y [&hellip;]\" \/>\n<meta property=\"og:url\" content=\"https:\/\/barkeepernation.com\/es\/dustin\/\" \/>\n<meta property=\"og:site_name\" content=\"Barkeeper Nation\" \/>\n<meta property=\"article:modified_time\" content=\"2023-11-04T14:13:21+00:00\" \/>\n<meta name=\"twitter:card\" content=\"summary_large_image\" \/>\n<meta name=\"twitter:label1\" content=\"Tiempo de lectura\" \/>\n\t<meta name=\"twitter:data1\" content=\"1 minuto\" \/>\n<!-- \/ Yoast SEO plugin. -->","yoast_head_json":{"title":"Dustin - Barkeeper Nation","robots":{"index":"index","follow":"follow","max-snippet":"max-snippet:-1","max-image-preview":"max-image-preview:large","max-video-preview":"max-video-preview:-1"},"canonical":"https:\/\/barkeepernation.com\/es\/dustin\/","og_locale":"es_ES","og_type":"article","og_title":"Dustin - Barkeeper Nation","og_description":"Dustin Conoce a Dustin, la fuerza impulsora de Barkeeper Nation. Con su profunda dedicaci\u00f3n al mundo de la cocteler\u00eda y su incansable b\u00fasqueda de hacer que los c\u00f3cteles sean accesibles para todos, Dustin est\u00e1 en el coraz\u00f3n de nuestra misi\u00f3n. De afici\u00f3n a pasi\u00f3n El viaje de Dustin en el mundo de la cocteler\u00eda y [&hellip;]","og_url":"https:\/\/barkeepernation.com\/es\/dustin\/","og_site_name":"Barkeeper Nation","article_modified_time":"2023-11-04T14:13:21+00:00","twitter_card":"summary_large_image","twitter_misc":{"Tiempo de lectura":"1 minuto"},"schema":{"@context":"https:\/\/schema.org","@graph":[{"@type":"WebPage","@id":"https:\/\/barkeepernation.com\/es\/dustin\/","url":"https:\/\/barkeepernation.com\/es\/dustin\/","name":"Dustin - Barkeeper Nation","isPartOf":{"@id":"https:\/\/barkeepernation.com\/es\/#website"},"datePublished":"2023-11-03T19:19:22+00:00","dateModified":"2023-11-04T14:13:21+00:00","breadcrumb":{"@id":"https:\/\/barkeepernation.com\/es\/dustin\/#breadcrumb"},"inLanguage":"es","potentialAction":[{"@type":"ReadAction","target":["https:\/\/barkeepernation.com\/es\/dustin\/"]}]},{"@type":"BreadcrumbList","@id":"https:\/\/barkeepernation.com\/es\/dustin\/#breadcrumb","itemListElement":[{"@type":"ListItem","position":1,"name":"Startseite","item":"https:\/\/barkeepernation.com\/es\/"},{"@type":"ListItem","position":2,"name":"Dustin"}]},{"@type":"WebSite","@id":"https:\/\/barkeepernation.com\/es\/#website","url":"https:\/\/barkeepernation.com\/es\/","name":"Barkeeper Nation","description":"Online Cocktail Recipes","publisher":{"@id":"https:\/\/barkeepernation.com\/es\/#organization"},"potentialAction":[{"@type":"SearchAction","target":{"@type":"EntryPoint","urlTemplate":"https:\/\/barkeepernation.com\/es\/?s={search_term_string}"},"query-input":"required name=search_term_string"}],"inLanguage":"es"},{"@type":"Organization","@id":"https:\/\/barkeepernation.com\/es\/#organization","name":"Barkeeper Nation","url":"https:\/\/barkeepernation.com\/es\/","logo":{"@type":"ImageObject","inLanguage":"es","@id":"https:\/\/barkeepernation.com\/es\/#\/schema\/logo\/image\/","url":"https:\/\/barkeepernation.com\/wp-content\/uploads\/2022\/12\/barkeeper-nation-logo.png","contentUrl":"https:\/\/barkeepernation.com\/wp-content\/uploads\/2022\/12\/barkeeper-nation-logo.png","width":1024,"height":392,"caption":"Barkeeper Nation"},"image":{"@id":"https:\/\/barkeepernation.com\/es\/#\/schema\/logo\/image\/"}}]}},"_links":{"self":[{"href":"https:\/\/barkeepernation.com\/es\/wp-json\/wp\/v2\/pages\/69303","targetHints":{"allow":["GET"]}}],"collection":[{"href":"https:\/\/barkeepernation.com\/es\/wp-json\/wp\/v2\/pages"}],"about":[{"href":"https:\/\/barkeepernation.com\/es\/wp-json\/wp\/v2\/types\/page"}],"author":[{"embeddable":true,"href":"https:\/\/barkeepernation.com\/es\/wp-json\/wp\/v2\/users\/2"}],"replies":[{"embeddable":true,"href":"https:\/\/barkeepernation.com\/es\/wp-json\/wp\/v2\/comments?post=69303"}],"version-history":[{"count":0,"href":"https:\/\/barkeepernation.com\/es\/wp-json\/wp\/v2\/pages\/69303\/revisions"}],"wp:attachment":[{"href":"https:\/\/barkeepernation.com\/es\/wp-json\/wp\/v2\/media?parent=69303"}],"curies":[{"name":"wp","href":"https:\/\/api.w.org\/{rel}","templated":true}]}}