{"id":15520,"date":"2022-10-16T12:14:46","date_gmt":"2022-10-16T10:14:46","guid":{"rendered":"https:\/\/barkeepernation.com\/cocktails\/amaretto\/"},"modified":"2023-09-09T17:30:53","modified_gmt":"2023-09-09T15:30:53","slug":"amaretto","status":"publish","type":"page","link":"https:\/\/barkeepernation.com\/fr\/cocktails\/amaretto\/","title":{"rendered":"Amaretto Cocktail"},"content":{"rendered":"\t\t<div data-elementor-type=\"wp-page\" data-elementor-id=\"15520\" class=\"elementor elementor-15520 elementor-1184\">\n\t\t\t\t\t\t\t\t\t<section class=\"elementor-section elementor-top-section elementor-element elementor-element-329f999 elementor-section-height-min-height elementor-section-boxed elementor-section-height-default elementor-section-items-middle\" data-id=\"329f999\" data-element_type=\"section\" data-settings=\"{&quot;jet_parallax_layout_list&quot;:[{&quot;jet_parallax_layout_image&quot;:{&quot;url&quot;:&quot;&quot;,&quot;id&quot;:&quot;&quot;,&quot;size&quot;:&quot;&quot;},&quot;_id&quot;:&quot;1cd1c51&quot;,&quot;jet_parallax_layout_image_tablet&quot;:{&quot;url&quot;:&quot;&quot;,&quot;id&quot;:&quot;&quot;,&quot;size&quot;:&quot;&quot;},&quot;jet_parallax_layout_image_mobile&quot;:{&quot;url&quot;:&quot;&quot;,&quot;id&quot;:&quot;&quot;,&quot;size&quot;:&quot;&quot;},&quot;jet_parallax_layout_speed&quot;:{&quot;unit&quot;:&quot;%&quot;,&quot;size&quot;:50,&quot;sizes&quot;:[]},&quot;jet_parallax_layout_type&quot;:&quot;scroll&quot;,&quot;jet_parallax_layout_direction&quot;:null,&quot;jet_parallax_layout_fx_direction&quot;:null,&quot;jet_parallax_layout_z_index&quot;:&quot;&quot;,&quot;jet_parallax_layout_bg_x&quot;:50,&quot;jet_parallax_layout_bg_x_tablet&quot;:&quot;&quot;,&quot;jet_parallax_layout_bg_x_mobile&quot;:&quot;&quot;,&quot;jet_parallax_layout_bg_y&quot;:50,&quot;jet_parallax_layout_bg_y_tablet&quot;:&quot;&quot;,&quot;jet_parallax_layout_bg_y_mobile&quot;:&quot;&quot;,&quot;jet_parallax_layout_bg_size&quot;:&quot;auto&quot;,&quot;jet_parallax_layout_bg_size_tablet&quot;:&quot;&quot;,&quot;jet_parallax_layout_bg_size_mobile&quot;:&quot;&quot;,&quot;jet_parallax_layout_animation_prop&quot;:&quot;transform&quot;,&quot;jet_parallax_layout_on&quot;:[&quot;desktop&quot;,&quot;tablet&quot;]}],&quot;background_background&quot;:&quot;classic&quot;,&quot;shape_divider_bottom&quot;:&quot;tilt&quot;}\">\n\t\t\t\t\t\t\t<div class=\"elementor-background-overlay\"><\/div>\n\t\t\t\t\t\t<div class=\"elementor-shape elementor-shape-bottom\" data-negative=\"false\">\n\t\t\t<svg xmlns=\"http:\/\/www.w3.org\/2000\/svg\" viewBox=\"0 0 1000 100\" preserveAspectRatio=\"none\">\n\t<path class=\"elementor-shape-fill\" d=\"M0,6V0h1000v100L0,6z\"\/>\n<\/svg>\t\t<\/div>\n\t\t\t\t\t<div class=\"elementor-container elementor-column-gap-no\">\n\t\t\t\t\t<div class=\"elementor-column elementor-col-100 elementor-top-column elementor-element elementor-element-de655fe\" data-id=\"de655fe\" data-element_type=\"column\">\n\t\t\t<div class=\"elementor-widget-wrap elementor-element-populated\">\n\t\t\t\t\t\t\t\t<div class=\"elementor-element elementor-element-d3d0f8c elementor-widget elementor-widget-heading\" data-id=\"d3d0f8c\" data-element_type=\"widget\" data-widget_type=\"heading.default\">\n\t\t\t\t<div class=\"elementor-widget-container\">\n\t\t\t<style>\/*! elementor - v3.11.4 - 12-03-2023 *\/\n.elementor-heading-title{padding:0;margin:0;line-height:1}.elementor-widget-heading .elementor-heading-title[class*=elementor-size-]>a{color:inherit;font-size:inherit;line-height:inherit}.elementor-widget-heading .elementor-heading-title.elementor-size-small{font-size:15px}.elementor-widget-heading .elementor-heading-title.elementor-size-medium{font-size:19px}.elementor-widget-heading .elementor-heading-title.elementor-size-large{font-size:29px}.elementor-widget-heading .elementor-heading-title.elementor-size-xl{font-size:39px}.elementor-widget-heading .elementor-heading-title.elementor-size-xxl{font-size:59px}<\/style><h1 class=\"elementor-heading-title elementor-size-default\">Cocktails \u00e0 l'amaretto<\/h1>\t\t<\/div>\n\t\t\t\t<\/div>\n\t\t\t\t<div class=\"elementor-element elementor-element-e611a8a elementor-align-center elementor-widget elementor-widget-raven-divider\" data-id=\"e611a8a\" data-element_type=\"widget\" data-widget_type=\"raven-divider.default\">\n\t\t\t\t<div class=\"elementor-widget-container\">\n\t\t\t\t\t<div class=\"raven-widget-wrapper\">\n\t\t\t<div class=\"raven-divider\">\n\t\t\t\t<span class=\"raven-divider-line raven-divider-solid\"><\/span>\n\t\t\t<\/div>\n\t\t<\/div>\n\t\t\t\t<\/div>\n\t\t\t\t<\/div>\n\t\t\t\t\t<\/div>\n\t\t<\/div>\n\t\t\t\t\t\t\t<\/div>\n\t\t<\/section>\n\t\t\t\t<section class=\"elementor-section elementor-top-section elementor-element elementor-element-54a0980 elementor-section-boxed elementor-section-height-default elementor-section-height-default\" data-id=\"54a0980\" data-element_type=\"section\" data-settings=\"{&quot;jet_parallax_layout_list&quot;:[{&quot;jet_parallax_layout_image&quot;:{&quot;url&quot;:&quot;&quot;,&quot;id&quot;:&quot;&quot;,&quot;size&quot;:&quot;&quot;},&quot;_id&quot;:&quot;1cd1c51&quot;,&quot;jet_parallax_layout_image_tablet&quot;:{&quot;url&quot;:&quot;&quot;,&quot;id&quot;:&quot;&quot;,&quot;size&quot;:&quot;&quot;},&quot;jet_parallax_layout_image_mobile&quot;:{&quot;url&quot;:&quot;&quot;,&quot;id&quot;:&quot;&quot;,&quot;size&quot;:&quot;&quot;},&quot;jet_parallax_layout_speed&quot;:{&quot;unit&quot;:&quot;%&quot;,&quot;size&quot;:50,&quot;sizes&quot;:[]},&quot;jet_parallax_layout_type&quot;:&quot;scroll&quot;,&quot;jet_parallax_layout_direction&quot;:null,&quot;jet_parallax_layout_fx_direction&quot;:null,&quot;jet_parallax_layout_z_index&quot;:&quot;&quot;,&quot;jet_parallax_layout_bg_x&quot;:50,&quot;jet_parallax_layout_bg_x_tablet&quot;:&quot;&quot;,&quot;jet_parallax_layout_bg_x_mobile&quot;:&quot;&quot;,&quot;jet_parallax_layout_bg_y&quot;:50,&quot;jet_parallax_layout_bg_y_tablet&quot;:&quot;&quot;,&quot;jet_parallax_layout_bg_y_mobile&quot;:&quot;&quot;,&quot;jet_parallax_layout_bg_size&quot;:&quot;auto&quot;,&quot;jet_parallax_layout_bg_size_tablet&quot;:&quot;&quot;,&quot;jet_parallax_layout_bg_size_mobile&quot;:&quot;&quot;,&quot;jet_parallax_layout_animation_prop&quot;:&quot;transform&quot;,&quot;jet_parallax_layout_on&quot;:[&quot;desktop&quot;,&quot;tablet&quot;]}]}\">\n\t\t\t\t\t\t<div class=\"elementor-container elementor-column-gap-default\">\n\t\t\t\t\t<div class=\"elementor-column elementor-col-100 elementor-top-column elementor-element elementor-element-248a93d\" data-id=\"248a93d\" data-element_type=\"column\">\n\t\t\t<div class=\"elementor-widget-wrap elementor-element-populated\">\n\t\t\t\t\t\t\t\t<div class=\"elementor-element elementor-element-626b268 elementor-align-left elementor-widget elementor-widget-raven-breadcrumbs\" data-id=\"626b268\" data-element_type=\"widget\" data-widget_type=\"raven-breadcrumbs.default\">\n\t\t\t\t<div class=\"elementor-widget-container\">\n\t\t\t<div class=\"raven-breadcrumbs raven-breadcrumbs-default\"><p class=\"breadcrumb\">\t\t\t\t<span class=\"breadcrumb-item active\" aria-current=\"page\"><span>Home<\/span><\/span>\n\n\t\t\t\t<\/p><\/div>\t\t<\/div>\n\t\t\t\t<\/div>\n\t\t\t\t<div class=\"elementor-element elementor-element-04f3deb elementor-widget elementor-widget-text-editor\" data-id=\"04f3deb\" data-element_type=\"widget\" data-widget_type=\"text-editor.default\">\n\t\t\t\t<div class=\"elementor-widget-container\">\n\t\t\t<style>\/*! elementor - v3.11.4 - 12-03-2023 *\/\n.elementor-widget-text-editor.elementor-drop-cap-view-stacked .elementor-drop-cap{background-color:#818a91;color:#fff}.elementor-widget-text-editor.elementor-drop-cap-view-framed .elementor-drop-cap{color:#818a91;border:3px solid;background-color:transparent}.elementor-widget-text-editor:not(.elementor-drop-cap-view-default) .elementor-drop-cap{margin-top:8px}.elementor-widget-text-editor:not(.elementor-drop-cap-view-default) .elementor-drop-cap-letter{width:1em;height:1em}.elementor-widget-text-editor .elementor-drop-cap{float:left;text-align:center;line-height:1;font-size:50px}.elementor-widget-text-editor .elementor-drop-cap-letter{display:inline-block}<\/style>\t\t\t\t<p>L&#8217;essor des cocktails \u00e0 l&#8217;amaretto a commenc\u00e9 dans les ann\u00e9es 1980. \u00c0 cette \u00e9poque, l&#8217;amaretto est devenu l&#8217;une des liqueurs les plus populaires, aux c\u00f4t\u00e9s des liqueurs \u00e0 la cr\u00e8me et des liqueurs de noix de coco. Aujourd&#8217;hui, le spiritueux est toujours aussi populaire et peut \u00eatre command\u00e9 dans de plus en plus de bars \u00e0 cocktails et de restaurants. La liqueur peut \u00eatre d\u00e9gust\u00e9e pure, sur glace, mais elle constitue \u00e9galement un excellent compl\u00e9ment aux cocktails \u00e0 l&#8217;Amaretto.<\/p><p>Il existe plusieurs recettes d\u00e9licieuses pr\u00e9par\u00e9es avec la liqueur d&#8217;amande. Le go\u00fbt de la liqueur ressemble \u00e0 celui des amandes, avec un soup\u00e7on de massepain. Les notes sucr\u00e9es sont agr\u00e9ablement soulign\u00e9es par le go\u00fbt l\u00e9g\u00e8rement alcoolis\u00e9. C&#8217;est pourquoi les cocktails \u00e0 l&#8217;Amaretto sont g\u00e9n\u00e9ralement beaucoup plus doux que, par exemple, les cocktails \u00e0 l&#8217;anis, les cocktails au cognac, les cocktails au porto ou les cocktails au vin mousseux. Si vous n&#8217;aimez pas les cocktails sucr\u00e9s, vous devriez essayer les cocktails \u00e0 base de gin, de whisky, de tequila, de vodka ou de rhum.<\/p>\t\t\t\t\t\t<\/div>\n\t\t\t\t<\/div>\n\t\t\t\t<div class=\"elementor-element elementor-element-f4205f0 elementor-widget elementor-widget-heading\" data-id=\"f4205f0\" data-element_type=\"widget\" data-widget_type=\"heading.default\">\n\t\t\t\t<div class=\"elementor-widget-container\">\n\t\t\t<h2 class=\"elementor-heading-title elementor-size-default\">Tous les cocktails Amaretto<\/h2>\t\t<\/div>\n\t\t\t\t<\/div>\n\t\t\t\t<div class=\"elementor-element elementor-element-860d42a elementor-align-center elementor-widget elementor-widget-raven-divider\" data-id=\"860d42a\" data-element_type=\"widget\" data-widget_type=\"raven-divider.default\">\n\t\t\t\t<div class=\"elementor-widget-container\">\n\t\t\t\t\t<div class=\"raven-widget-wrapper\">\n\t\t\t<div class=\"raven-divider\">\n\t\t\t\t<span class=\"raven-divider-line raven-divider-solid\"><\/span>\n\t\t\t<\/div>\n\t\t<\/div>\n\t\t\t\t<\/div>\n\t\t\t\t<\/div>\n\t\t\t\t<div class=\"elementor-element elementor-element-8eab0f0 elementor-widget elementor-widget-text-editor\" data-id=\"8eab0f0\" data-element_type=\"widget\" data-widget_type=\"text-editor.default\">\n\t\t\t\t<div class=\"elementor-widget-container\">\n\t\t\t\t\t\t\t<p>Dans ce qui suit, nous souhaitons vous pr\u00e9senter les recettes de cocktails Amaretto les plus excitantes et les plus d\u00e9licieuses. Nous avons essay\u00e9 de couvrir autant de go\u00fbts que possible avec ces boissons, afin que chacun puisse trouver ce qu&#8217;il cherche. Amusez-vous bien \u00e0 les d\u00e9couvrir et \u00e0 les essayer !<\/p>\t\t\t\t\t\t<\/div>\n\t\t\t\t<\/div>\n\t\t\t\t<div class=\"elementor-element elementor-element-4ab9e68 elementor-widget elementor-widget-jet-images-layout\" data-id=\"4ab9e68\" data-element_type=\"widget\" data-settings=\"{&quot;columns_mobile&quot;:&quot;1&quot;,&quot;columns&quot;:3}\" data-widget_type=\"jet-images-layout.default\">\n\t\t\t\t<div class=\"elementor-widget-container\">\n\t\t\t<div class=\"elementor-jet-images-layout jet-elements\">\n<div class=\"jet-images-layout layout-type-masonry\" data-settings='{\"layoutType\":\"masonry\",\"justifyHeight\":300}'>\n\t<div class=\"jet-images-layout__list salvattore column-desktop-3 column-tablet-2 column-mobile-1\" data-columns>\n<div class=\"jet-images-layout__item \">\n\t<div class=\"jet-images-layout__inner\">\n\t\t<div class=\"jet-images-layout__image-loader\"><span><\/span><\/div>\n\t\t<a class=\"jet-images-layout__link \" href=\"https:\/\/barkeepernation.com\/fr\/cocktails\/amaretto\/amaretto-sour\/\" target=\"_self\" rel=\"\">\n\t\t\t<div class=\"jet-images-layout__image\">\n\t\t\t\t<img decoding=\"async\" class=\"jet-images-layout__image-instance\" src=\"https:\/\/barkeepernation.com\/wp-content\/uploads\/2022\/10\/amaretto-sour.jpg\" alt=\"amaretto sour\" loading=\"lazy\">\t\t\t<\/div>\n\t\t\t<div class=\"jet-images-layout__content\"><p class=\"jet-images-layout__title\">Amaretto Sour<\/p><\/div>\n\t\t<\/a>\n\t<\/div>\n<\/div>\n<div class=\"jet-images-layout__item \">\n\t<div class=\"jet-images-layout__inner\">\n\t\t<div class=\"jet-images-layout__image-loader\"><span><\/span><\/div>\n\t\t<a class=\"jet-images-layout__link \" href=\"https:\/\/barkeepernation.com\/fr\/cocktails\/amaretto\/godmother\/\" target=\"_self\" rel=\"\">\n\t\t\t<div class=\"jet-images-layout__image\">\n\t\t\t\t<img decoding=\"async\" class=\"jet-images-layout__image-instance\" src=\"https:\/\/barkeepernation.com\/wp-content\/uploads\/2022\/10\/godmother.jpg\" alt=\"godmother\" loading=\"lazy\">\t\t\t<\/div>\n\t\t\t<div class=\"jet-images-layout__content\"><p class=\"jet-images-layout__title\">Godmother<\/p><\/div>\n\t\t<\/a>\n\t<\/div>\n<\/div>\n<div class=\"jet-images-layout__item \">\n\t<div class=\"jet-images-layout__inner\">\n\t\t<div class=\"jet-images-layout__image-loader\"><span><\/span><\/div>\n\t\t<a class=\"jet-images-layout__link \" href=\"https:\/\/barkeepernation.com\/fr\/cocktails\/amaretto\/cremetto\/\" target=\"_self\" rel=\"\">\n\t\t\t<div class=\"jet-images-layout__image\">\n\t\t\t\t<img decoding=\"async\" class=\"jet-images-layout__image-instance\" src=\"https:\/\/barkeepernation.com\/wp-content\/uploads\/2022\/10\/cremetto.jpg\" alt=\"cremetto\" loading=\"lazy\">\t\t\t<\/div>\n\t\t\t<div class=\"jet-images-layout__content\"><p class=\"jet-images-layout__title\">Cremetto<\/p><\/div>\n\t\t<\/a>\n\t<\/div>\n<\/div>\n<\/div><\/div>\n<\/div>\t\t<\/div>\n\t\t\t\t<\/div>\n\t\t\t\t<div class=\"elementor-element elementor-element-4c0d55de elementor-align-center elementor-widget elementor-widget-button\" data-id=\"4c0d55de\" data-element_type=\"widget\" data-widget_type=\"button.default\">\n\t\t\t\t<div class=\"elementor-widget-container\">\n\t\t\t\t\t<div class=\"elementor-button-wrapper\">\n\t\t\t<a href=\"https:\/\/barkeepernation.com\/fr\/cocktails\/amaretto\/all\/\" class=\"elementor-button-link elementor-button elementor-size-sm\" role=\"button\">\n\t\t\t\t\t\t<span class=\"elementor-button-content-wrapper\">\n\t\t\t\t\t\t<span class=\"elementor-button-text\">En savoir plus<\/span>\n\t\t<\/span>\n\t\t\t\t\t<\/a>\n\t\t<\/div>\n\t\t\t\t<\/div>\n\t\t\t\t<\/div>\n\t\t\t\t<div class=\"elementor-element elementor-element-e617bcd elementor-widget elementor-widget-shortcode\" data-id=\"e617bcd\" data-element_type=\"widget\" data-widget_type=\"shortcode.default\">\n\t\t\t\t<div class=\"elementor-widget-container\">\n\t\t\t\t\t<div class=\"elementor-shortcode\">\t\t<div data-elementor-type=\"section\" data-elementor-id=\"264\" class=\"elementor elementor-264\">\n\t\t\t\t\t\t\t\t\t<section class=\"elementor-section elementor-top-section elementor-element elementor-element-61654f2 elementor-hidden-desktop elementor-hidden-tablet elementor-hidden-mobile elementor-section-boxed elementor-section-height-default elementor-section-height-default\" data-id=\"61654f2\" data-element_type=\"section\" data-settings=\"{&quot;jet_parallax_layout_list&quot;:[]}\">\n\t\t\t\t\t\t<div class=\"elementor-container elementor-column-gap-default\">\n\t\t\t\t\t<div class=\"elementor-column elementor-col-100 elementor-top-column elementor-element elementor-element-7dcd9f2\" data-id=\"7dcd9f2\" data-element_type=\"column\">\n\t\t\t<div class=\"elementor-widget-wrap elementor-element-populated\">\n\t\t\t\t\t\t\t\t<div class=\"elementor-element elementor-element-3d634ee elementor-widget elementor-widget-shortcode\" data-id=\"3d634ee\" data-element_type=\"widget\" data-widget_type=\"shortcode.default\">\n\t\t\t\t<div class=\"elementor-widget-container\">\n\t\t\t\t\t<div class=\"elementor-shortcode\">\t\t<div data-elementor-type=\"section\" data-elementor-id=\"263\" class=\"elementor elementor-263\">\n\t\t\t\t\t\t\t\t\t<section class=\"elementor-section elementor-top-section elementor-element elementor-element-5c3f6f2 elementor-section-boxed elementor-section-height-default elementor-section-height-default\" data-id=\"5c3f6f2\" data-element_type=\"section\" data-settings=\"{&quot;jet_parallax_layout_list&quot;:[]}\">\n\t\t\t\t\t\t<div class=\"elementor-container elementor-column-gap-default\">\n\t\t\t\t\t<div class=\"elementor-column elementor-col-100 elementor-top-column elementor-element elementor-element-ce99562\" data-id=\"ce99562\" data-element_type=\"column\">\n\t\t\t<div class=\"elementor-widget-wrap elementor-element-populated\">\n\t\t\t\t\t\t\t\t<section class=\"elementor-section elementor-inner-section elementor-element elementor-element-74e2f5d elementor-section-boxed elementor-section-height-default elementor-section-height-default\" data-id=\"74e2f5d\" data-element_type=\"section\" data-settings=\"{&quot;jet_parallax_layout_list&quot;:[]}\">\n\t\t\t\t\t\t<div class=\"elementor-container elementor-column-gap-default\">\n\t\t\t\t\t<div class=\"elementor-column elementor-col-50 elementor-inner-column elementor-element elementor-element-840c92d\" data-id=\"840c92d\" data-element_type=\"column\">\n\t\t\t<div class=\"elementor-widget-wrap\">\n\t\t\t\t\t\t\t\t\t<\/div>\n\t\t<\/div>\n\t\t\t\t<div class=\"elementor-column elementor-col-50 elementor-inner-column elementor-element elementor-element-32c7fee\" data-id=\"32c7fee\" data-element_type=\"column\">\n\t\t\t<div class=\"elementor-widget-wrap\">\n\t\t\t\t\t\t\t\t\t<\/div>\n\t\t<\/div>\n\t\t\t\t\t\t\t<\/div>\n\t\t<\/section>\n\t\t\t\t\t<\/div>\n\t\t<\/div>\n\t\t\t\t\t\t\t<\/div>\n\t\t<\/section>\n\t\t\t\t\t\t\t<\/div>\n\t\t<\/div>\n\t\t\t\t<\/div>\n\t\t\t\t<\/div>\n\t\t\t\t\t<\/div>\n\t\t<\/div>\n\t\t\t\t\t\t\t<\/div>\n\t\t<\/section>\n\t\t\t\t\t\t\t<\/div>\n\t\t<\/div>\n\t\t\t\t<\/div>\n\t\t\t\t<\/div>\n\t\t\t\t\t<\/div>\n\t\t<\/div>\n\t\t\t\t\t\t\t<\/div>\n\t\t<\/section>\n\t\t\t\t\t\t\t<\/div>\n\t\t","protected":false},"excerpt":{"rendered":"<p>Cocktails \u00e0 l&#8217;amaretto Home L&#8217;essor des cocktails \u00e0 l&#8217;amaretto a commenc\u00e9 dans les ann\u00e9es 1980. \u00c0 cette \u00e9poque, l&#8217;amaretto est devenu l&#8217;une des liqueurs les plus populaires, aux c\u00f4t\u00e9s des liqueurs \u00e0 la cr\u00e8me et des liqueurs de noix de coco. Aujourd&#8217;hui, le spiritueux est toujours aussi populaire et peut \u00eatre command\u00e9 dans de plus [&hellip;]<\/p>\n","protected":false},"author":1,"featured_media":0,"parent":13141,"menu_order":0,"comment_status":"closed","ping_status":"closed","template":"elementor_header_footer","meta":{"_acf_changed":false,"footnotes":""},"class_list":["post-15520","page","type-page","status-publish","hentry"],"acf":[],"yoast_head":"<!-- This site is optimized with the Yoast SEO plugin v22.4 - https:\/\/yoast.com\/wordpress\/plugins\/seo\/ -->\n<title>\u25ba \u00c9l\u00e9gance Amaretto : Cocktails \u00e0 l&#039;Amaretto<\/title>\n<meta name=\"description\" content=\"D\u00e9couvrez l&#039;\u00e9l\u00e9gance des cocktails \u00e0 l&#039;Amaretto, d\u00e9voilant des saveurs noisettes. Des Amaretto Sour aux Godfathers, r\u00e9galez-vous avec une mixologie d\u00e9licieuse \u00e0 l&#039;Amaretto.\" \/>\n<meta name=\"robots\" content=\"index, follow, max-snippet:-1, max-image-preview:large, max-video-preview:-1\" \/>\n<link rel=\"canonical\" href=\"https:\/\/barkeepernation.com\/fr\/cocktails\/amaretto\/\" \/>\n<meta property=\"og:locale\" content=\"fr_FR\" \/>\n<meta property=\"og:type\" content=\"article\" \/>\n<meta property=\"og:title\" content=\"\u25ba \u00c9l\u00e9gance Amaretto : Cocktails \u00e0 l&#039;Amaretto\" \/>\n<meta property=\"og:description\" content=\"D\u00e9couvrez l&#039;\u00e9l\u00e9gance des cocktails \u00e0 l&#039;Amaretto, d\u00e9voilant des saveurs noisettes. Des Amaretto Sour aux Godfathers, r\u00e9galez-vous avec une mixologie d\u00e9licieuse \u00e0 l&#039;Amaretto.\" \/>\n<meta property=\"og:url\" content=\"https:\/\/barkeepernation.com\/fr\/cocktails\/amaretto\/\" \/>\n<meta property=\"og:site_name\" content=\"Barkeeper Nation\" \/>\n<meta property=\"article:modified_time\" content=\"2023-09-09T15:30:53+00:00\" \/>\n<meta property=\"og:image\" content=\"https:\/\/barkeepernation.com\/wp-content\/uploads\/2022\/10\/amaretto-sour.jpg\" \/>\n<meta name=\"twitter:card\" content=\"summary_large_image\" \/>\n<meta name=\"twitter:label1\" content=\"Dur\u00e9e de lecture estim\u00e9e\" \/>\n\t<meta name=\"twitter:data1\" content=\"2 minutes\" \/>\n<!-- \/ Yoast SEO plugin. -->","yoast_head_json":{"title":"\u25ba \u00c9l\u00e9gance Amaretto : Cocktails \u00e0 l'Amaretto","description":"D\u00e9couvrez l'\u00e9l\u00e9gance des cocktails \u00e0 l'Amaretto, d\u00e9voilant des saveurs noisettes. Des Amaretto Sour aux Godfathers, r\u00e9galez-vous avec une mixologie d\u00e9licieuse \u00e0 l'Amaretto.","robots":{"index":"index","follow":"follow","max-snippet":"max-snippet:-1","max-image-preview":"max-image-preview:large","max-video-preview":"max-video-preview:-1"},"canonical":"https:\/\/barkeepernation.com\/fr\/cocktails\/amaretto\/","og_locale":"fr_FR","og_type":"article","og_title":"\u25ba \u00c9l\u00e9gance Amaretto : Cocktails \u00e0 l'Amaretto","og_description":"D\u00e9couvrez l'\u00e9l\u00e9gance des cocktails \u00e0 l'Amaretto, d\u00e9voilant des saveurs noisettes. Des Amaretto Sour aux Godfathers, r\u00e9galez-vous avec une mixologie d\u00e9licieuse \u00e0 l'Amaretto.","og_url":"https:\/\/barkeepernation.com\/fr\/cocktails\/amaretto\/","og_site_name":"Barkeeper Nation","article_modified_time":"2023-09-09T15:30:53+00:00","og_image":[{"url":"https:\/\/barkeepernation.com\/wp-content\/uploads\/2022\/10\/amaretto-sour.jpg"}],"twitter_card":"summary_large_image","twitter_misc":{"Dur\u00e9e de lecture estim\u00e9e":"2 minutes"},"schema":{"@context":"https:\/\/schema.org","@graph":[{"@type":"WebPage","@id":"https:\/\/barkeepernation.com\/fr\/cocktails\/amaretto\/","url":"https:\/\/barkeepernation.com\/fr\/cocktails\/amaretto\/","name":"\u25ba \u00c9l\u00e9gance Amaretto : Cocktails \u00e0 l'Amaretto","isPartOf":{"@id":"https:\/\/barkeepernation.com\/fr\/#website"},"primaryImageOfPage":{"@id":"https:\/\/barkeepernation.com\/fr\/cocktails\/amaretto\/#primaryimage"},"image":{"@id":"https:\/\/barkeepernation.com\/fr\/cocktails\/amaretto\/#primaryimage"},"thumbnailUrl":"https:\/\/barkeepernation.com\/wp-content\/uploads\/2022\/10\/amaretto-sour.jpg","datePublished":"2022-10-16T10:14:46+00:00","dateModified":"2023-09-09T15:30:53+00:00","description":"D\u00e9couvrez l'\u00e9l\u00e9gance des cocktails \u00e0 l'Amaretto, d\u00e9voilant des saveurs noisettes. Des Amaretto Sour aux Godfathers, r\u00e9galez-vous avec une mixologie d\u00e9licieuse \u00e0 l'Amaretto.","breadcrumb":{"@id":"https:\/\/barkeepernation.com\/fr\/cocktails\/amaretto\/#breadcrumb"},"inLanguage":"fr-FR","potentialAction":[{"@type":"ReadAction","target":["https:\/\/barkeepernation.com\/fr\/cocktails\/amaretto\/"]}]},{"@type":"ImageObject","inLanguage":"fr-FR","@id":"https:\/\/barkeepernation.com\/fr\/cocktails\/amaretto\/#primaryimage","url":"https:\/\/barkeepernation.com\/wp-content\/uploads\/2022\/10\/amaretto-sour.jpg","contentUrl":"https:\/\/barkeepernation.com\/wp-content\/uploads\/2022\/10\/amaretto-sour.jpg"},{"@type":"BreadcrumbList","@id":"https:\/\/barkeepernation.com\/fr\/cocktails\/amaretto\/#breadcrumb","itemListElement":[{"@type":"ListItem","position":1,"name":"Startseite","item":"https:\/\/barkeepernation.com\/fr\/"},{"@type":"ListItem","position":2,"name":"Cocktails","item":"https:\/\/barkeepernation.com\/fr\/cocktails\/"},{"@type":"ListItem","position":3,"name":"Amaretto Cocktail"}]},{"@type":"WebSite","@id":"https:\/\/barkeepernation.com\/fr\/#website","url":"https:\/\/barkeepernation.com\/fr\/","name":"Barkeeper Nation","description":"Online Cocktail Recipes","publisher":{"@id":"https:\/\/barkeepernation.com\/fr\/#organization"},"potentialAction":[{"@type":"SearchAction","target":{"@type":"EntryPoint","urlTemplate":"https:\/\/barkeepernation.com\/fr\/?s={search_term_string}"},"query-input":"required name=search_term_string"}],"inLanguage":"fr-FR"},{"@type":"Organization","@id":"https:\/\/barkeepernation.com\/fr\/#organization","name":"Barkeeper Nation","url":"https:\/\/barkeepernation.com\/fr\/","logo":{"@type":"ImageObject","inLanguage":"fr-FR","@id":"https:\/\/barkeepernation.com\/fr\/#\/schema\/logo\/image\/","url":"https:\/\/barkeepernation.com\/wp-content\/uploads\/2022\/12\/barkeeper-nation-logo.png","contentUrl":"https:\/\/barkeepernation.com\/wp-content\/uploads\/2022\/12\/barkeeper-nation-logo.png","width":1024,"height":392,"caption":"Barkeeper Nation"},"image":{"@id":"https:\/\/barkeepernation.com\/fr\/#\/schema\/logo\/image\/"}}]}},"_links":{"self":[{"href":"https:\/\/barkeepernation.com\/fr\/wp-json\/wp\/v2\/pages\/15520","targetHints":{"allow":["GET"]}}],"collection":[{"href":"https:\/\/barkeepernation.com\/fr\/wp-json\/wp\/v2\/pages"}],"about":[{"href":"https:\/\/barkeepernation.com\/fr\/wp-json\/wp\/v2\/types\/page"}],"author":[{"embeddable":true,"href":"https:\/\/barkeepernation.com\/fr\/wp-json\/wp\/v2\/users\/1"}],"replies":[{"embeddable":true,"href":"https:\/\/barkeepernation.com\/fr\/wp-json\/wp\/v2\/comments?post=15520"}],"version-history":[{"count":0,"href":"https:\/\/barkeepernation.com\/fr\/wp-json\/wp\/v2\/pages\/15520\/revisions"}],"up":[{"embeddable":true,"href":"https:\/\/barkeepernation.com\/fr\/wp-json\/wp\/v2\/pages\/13141"}],"wp:attachment":[{"href":"https:\/\/barkeepernation.com\/fr\/wp-json\/wp\/v2\/media?parent=15520"}],"curies":[{"name":"wp","href":"https:\/\/api.w.org\/{rel}","templated":true}]}}