{"id":69266,"date":"2023-11-02T21:18:00","date_gmt":"2023-11-02T20:18:00","guid":{"rendered":"https:\/\/barkeepernation.com\/?page_id=69266"},"modified":"2023-11-04T15:11:28","modified_gmt":"2023-11-04T14:11:28","slug":"chris","status":"publish","type":"page","link":"https:\/\/barkeepernation.com\/pl\/chris\/","title":{"rendered":"Chris"},"content":{"rendered":"\t\t<div data-elementor-type=\"wp-page\" data-elementor-id=\"69266\" class=\"elementor elementor-69266 elementor-69261\">\n\t\t\t\t\t\t\t\t\t<section class=\"elementor-section elementor-top-section elementor-element elementor-element-329f999 elementor-section-height-min-height elementor-section-boxed elementor-section-height-default elementor-section-items-middle\" data-id=\"329f999\" data-element_type=\"section\" data-settings=\"{&quot;jet_parallax_layout_list&quot;:[{&quot;jet_parallax_layout_image&quot;:{&quot;url&quot;:&quot;&quot;,&quot;id&quot;:&quot;&quot;,&quot;size&quot;:&quot;&quot;},&quot;_id&quot;:&quot;1cd1c51&quot;,&quot;jet_parallax_layout_image_tablet&quot;:{&quot;url&quot;:&quot;&quot;,&quot;id&quot;:&quot;&quot;,&quot;size&quot;:&quot;&quot;},&quot;jet_parallax_layout_image_mobile&quot;:{&quot;url&quot;:&quot;&quot;,&quot;id&quot;:&quot;&quot;,&quot;size&quot;:&quot;&quot;},&quot;jet_parallax_layout_speed&quot;:{&quot;unit&quot;:&quot;%&quot;,&quot;size&quot;:50,&quot;sizes&quot;:[]},&quot;jet_parallax_layout_type&quot;:&quot;scroll&quot;,&quot;jet_parallax_layout_direction&quot;:null,&quot;jet_parallax_layout_fx_direction&quot;:null,&quot;jet_parallax_layout_z_index&quot;:&quot;&quot;,&quot;jet_parallax_layout_bg_x&quot;:50,&quot;jet_parallax_layout_bg_x_tablet&quot;:&quot;&quot;,&quot;jet_parallax_layout_bg_x_mobile&quot;:&quot;&quot;,&quot;jet_parallax_layout_bg_y&quot;:50,&quot;jet_parallax_layout_bg_y_tablet&quot;:&quot;&quot;,&quot;jet_parallax_layout_bg_y_mobile&quot;:&quot;&quot;,&quot;jet_parallax_layout_bg_size&quot;:&quot;auto&quot;,&quot;jet_parallax_layout_bg_size_tablet&quot;:&quot;&quot;,&quot;jet_parallax_layout_bg_size_mobile&quot;:&quot;&quot;,&quot;jet_parallax_layout_animation_prop&quot;:&quot;transform&quot;,&quot;jet_parallax_layout_on&quot;:[&quot;desktop&quot;,&quot;tablet&quot;]}],&quot;background_background&quot;:&quot;classic&quot;}\">\n\t\t\t\t\t\t\t<div class=\"elementor-background-overlay\"><\/div>\n\t\t\t\t\t\t\t<div class=\"elementor-container elementor-column-gap-no\">\n\t\t\t\t\t<div class=\"elementor-column elementor-col-100 elementor-top-column elementor-element elementor-element-de655fe\" data-id=\"de655fe\" data-element_type=\"column\">\n\t\t\t<div class=\"elementor-widget-wrap elementor-element-populated\">\n\t\t\t\t\t\t\t\t<section class=\"elementor-section elementor-inner-section elementor-element elementor-element-79a92e9 elementor-section-boxed elementor-section-height-default elementor-section-height-default\" data-id=\"79a92e9\" data-element_type=\"section\" data-settings=\"{&quot;jet_parallax_layout_list&quot;:[]}\">\n\t\t\t\t\t\t<div class=\"elementor-container elementor-column-gap-default\">\n\t\t\t\t\t<div class=\"elementor-column elementor-col-33 elementor-inner-column elementor-element elementor-element-d6efb85\" data-id=\"d6efb85\" data-element_type=\"column\">\n\t\t\t<div class=\"elementor-widget-wrap\">\n\t\t\t\t\t\t\t\t\t<\/div>\n\t\t<\/div>\n\t\t\t\t<div class=\"elementor-column elementor-col-33 elementor-inner-column elementor-element elementor-element-85da35b\" data-id=\"85da35b\" data-element_type=\"column\">\n\t\t\t<div class=\"elementor-widget-wrap elementor-element-populated\">\n\t\t\t\t\t\t\t\t<div class=\"elementor-element elementor-element-d3d0f8c elementor-widget elementor-widget-heading\" data-id=\"d3d0f8c\" data-element_type=\"widget\" data-widget_type=\"heading.default\">\n\t\t\t\t<div class=\"elementor-widget-container\">\n\t\t\t<style>\/*! elementor - v3.11.4 - 12-03-2023 *\/\n.elementor-heading-title{padding:0;margin:0;line-height:1}.elementor-widget-heading .elementor-heading-title[class*=elementor-size-]>a{color:inherit;font-size:inherit;line-height:inherit}.elementor-widget-heading .elementor-heading-title.elementor-size-small{font-size:15px}.elementor-widget-heading .elementor-heading-title.elementor-size-medium{font-size:19px}.elementor-widget-heading .elementor-heading-title.elementor-size-large{font-size:29px}.elementor-widget-heading .elementor-heading-title.elementor-size-xl{font-size:39px}.elementor-widget-heading .elementor-heading-title.elementor-size-xxl{font-size:59px}<\/style><h1 class=\"elementor-heading-title elementor-size-default\">Chris<\/h1>\t\t<\/div>\n\t\t\t\t<\/div>\n\t\t\t\t<div class=\"elementor-element elementor-element-e611a8a elementor-align-center elementor-widget elementor-widget-raven-divider\" data-id=\"e611a8a\" data-element_type=\"widget\" data-widget_type=\"raven-divider.default\">\n\t\t\t\t<div class=\"elementor-widget-container\">\n\t\t\t\t\t<div class=\"raven-widget-wrapper\">\n\t\t\t<div class=\"raven-divider\">\n\t\t\t\t<span class=\"raven-divider-line raven-divider-solid\"><\/span>\n\t\t\t<\/div>\n\t\t<\/div>\n\t\t\t\t<\/div>\n\t\t\t\t<\/div>\n\t\t\t\t\t<\/div>\n\t\t<\/div>\n\t\t\t\t<div class=\"elementor-column elementor-col-33 elementor-inner-column elementor-element elementor-element-f1c04b8\" data-id=\"f1c04b8\" data-element_type=\"column\">\n\t\t\t<div class=\"elementor-widget-wrap\">\n\t\t\t\t\t\t\t\t\t<\/div>\n\t\t<\/div>\n\t\t\t\t\t\t\t<\/div>\n\t\t<\/section>\n\t\t\t\t\t<\/div>\n\t\t<\/div>\n\t\t\t\t\t\t\t<\/div>\n\t\t<\/section>\n\t\t\t\t<section class=\"elementor-section elementor-top-section elementor-element elementor-element-ce6a952 elementor-section-boxed elementor-section-height-default elementor-section-height-default\" data-id=\"ce6a952\" data-element_type=\"section\" data-settings=\"{&quot;jet_parallax_layout_list&quot;:[]}\">\n\t\t\t\t\t\t<div class=\"elementor-container elementor-column-gap-default\">\n\t\t\t\t\t<div class=\"elementor-column elementor-col-100 elementor-top-column elementor-element elementor-element-fb08776\" data-id=\"fb08776\" data-element_type=\"column\">\n\t\t\t<div class=\"elementor-widget-wrap elementor-element-populated\">\n\t\t\t\t\t\t\t\t<section class=\"elementor-section elementor-inner-section elementor-element elementor-element-279dcfd elementor-section-boxed elementor-section-height-default elementor-section-height-default\" data-id=\"279dcfd\" data-element_type=\"section\" data-settings=\"{&quot;jet_parallax_layout_list&quot;:[]}\">\n\t\t\t\t\t\t<div class=\"elementor-container elementor-column-gap-default\">\n\t\t\t\t\t<div class=\"elementor-column elementor-col-50 elementor-inner-column elementor-element elementor-element-bdbcd69\" data-id=\"bdbcd69\" data-element_type=\"column\">\n\t\t\t<div class=\"elementor-widget-wrap elementor-element-populated\">\n\t\t\t\t\t\t\t\t<div class=\"elementor-element elementor-element-ceac6b6 elementor-widget elementor-widget-text-editor\" data-id=\"ceac6b6\" data-element_type=\"widget\" data-widget_type=\"text-editor.default\">\n\t\t\t\t<div class=\"elementor-widget-container\">\n\t\t\t<style>\/*! elementor - v3.11.4 - 12-03-2023 *\/\n.elementor-widget-text-editor.elementor-drop-cap-view-stacked .elementor-drop-cap{background-color:#818a91;color:#fff}.elementor-widget-text-editor.elementor-drop-cap-view-framed .elementor-drop-cap{color:#818a91;border:3px solid;background-color:transparent}.elementor-widget-text-editor:not(.elementor-drop-cap-view-default) .elementor-drop-cap{margin-top:8px}.elementor-widget-text-editor:not(.elementor-drop-cap-view-default) .elementor-drop-cap-letter{width:1em;height:1em}.elementor-widget-text-editor .elementor-drop-cap{float:left;text-align:center;line-height:1;font-size:50px}.elementor-widget-text-editor .elementor-drop-cap-letter{display:inline-block}<\/style>\t\t\t\t<p>Poznaj Chrisa, jednego z pasjonat\u00f3w stoj\u0105cych za Barkeeper Nation. Dzi\u0119ki swojemu niezachwianemu oddaniu sztuce miksologii i talentowi do opracowywania wyj\u0105tkowych receptur koktajli, Chris jest integraln\u0105 cz\u0119\u015bci\u0105 naszego zespo\u0142u.<\/p>\t\t\t\t\t\t<\/div>\n\t\t\t\t<\/div>\n\t\t\t\t<div class=\"elementor-element elementor-element-db245eb elementor-widget elementor-widget-heading\" data-id=\"db245eb\" data-element_type=\"widget\" data-widget_type=\"heading.default\">\n\t\t\t\t<div class=\"elementor-widget-container\">\n\t\t\t<h2 class=\"elementor-heading-title elementor-size-default\">Co sprawia, \u017ce Chris jest tak wyj\u0105tkowy dla Barkeeper Nation?<\/h2>\t\t<\/div>\n\t\t\t\t<\/div>\n\t\t\t\t<div class=\"elementor-element elementor-element-8bc33d6 elementor-widget elementor-widget-text-editor\" data-id=\"8bc33d6\" data-element_type=\"widget\" data-widget_type=\"text-editor.default\">\n\t\t\t\t<div class=\"elementor-widget-container\">\n\t\t\t\t\t\t\t<p>Podr\u00f3\u017c Chrisa do \u015bwiata barma\u0144stwa i miksologii rozpocz\u0119\u0142a si\u0119 jako osobiste d\u0105\u017cenie do odkrywania nieograniczonego \u015bwiata smak\u00f3w i sk\u0142adnik\u00f3w. Przez lata doskonali\u0142 swoje umiej\u0119tno\u015bci i rozwin\u0105\u0142 wrodzon\u0105 zdolno\u015b\u0107 do tworzenia koktajli, kt\u00f3re nie tylko smakuj\u0105 niesamowicie, ale tak\u017ce oddaj\u0105 istot\u0119 prostoty.<\/p>\t\t\t\t\t\t<\/div>\n\t\t\t\t<\/div>\n\t\t\t\t\t<\/div>\n\t\t<\/div>\n\t\t\t\t<div class=\"elementor-column elementor-col-50 elementor-inner-column elementor-element elementor-element-7f412c3\" data-id=\"7f412c3\" data-element_type=\"column\">\n\t\t\t<div class=\"elementor-widget-wrap elementor-element-populated\">\n\t\t\t\t\t\t\t\t<div class=\"elementor-element elementor-element-89d86e0 elementor-widget elementor-widget-image\" data-id=\"89d86e0\" data-element_type=\"widget\" data-widget_type=\"image.default\">\n\t\t\t\t<div class=\"elementor-widget-container\">\n\t\t\t<style>\/*! elementor - v3.11.4 - 12-03-2023 *\/\n.elementor-widget-image{text-align:center}.elementor-widget-image a{display:inline-block}.elementor-widget-image a img[src$=\".svg\"]{width:48px}.elementor-widget-image img{vertical-align:middle;display:inline-block}<\/style>\t\t\t\t\t\t\t\t\t\t\t\t<img decoding=\"async\" width=\"1000\" height=\"1000\" src=\"https:\/\/barkeepernation.com\/wp-content\/uploads\/2023\/11\/chris-barkeeper-nation.png\" class=\"attachment-large size-large wp-image-69285\" alt=\"chris-barkeeper-nation\" srcset=\"https:\/\/barkeepernation.com\/wp-content\/uploads\/2023\/11\/chris-barkeeper-nation.png 1000w, https:\/\/barkeepernation.com\/wp-content\/uploads\/2023\/11\/chris-barkeeper-nation-300x300.png 300w, https:\/\/barkeepernation.com\/wp-content\/uploads\/2023\/11\/chris-barkeeper-nation-150x150.png 150w, https:\/\/barkeepernation.com\/wp-content\/uploads\/2023\/11\/chris-barkeeper-nation-768x768.png 768w, https:\/\/barkeepernation.com\/wp-content\/uploads\/2023\/11\/chris-barkeeper-nation-500x500.png 500w\" sizes=\"(max-width: 1000px) 100vw, 1000px\" \/>\t\t\t\t\t\t\t\t\t\t\t\t\t\t\t<\/div>\n\t\t\t\t<\/div>\n\t\t\t\t\t<\/div>\n\t\t<\/div>\n\t\t\t\t\t\t\t<\/div>\n\t\t<\/section>\n\t\t\t\t<div class=\"elementor-element elementor-element-468f1bd elementor-widget elementor-widget-heading\" data-id=\"468f1bd\" data-element_type=\"widget\" data-widget_type=\"heading.default\">\n\t\t\t\t<div class=\"elementor-widget-container\">\n\t\t\t<h2 class=\"elementor-heading-title elementor-size-default\">Architekt receptur<\/h2>\t\t<\/div>\n\t\t\t\t<\/div>\n\t\t\t\t<div class=\"elementor-element elementor-element-039b6a9 elementor-widget elementor-widget-text-editor\" data-id=\"039b6a9\" data-element_type=\"widget\" data-widget_type=\"text-editor.default\">\n\t\t\t\t<div class=\"elementor-widget-container\">\n\t\t\t\t\t\t\t<p>Jako do\u015bwiadczony barman i jeden z kluczowych tw\u00f3rc\u00f3w receptur w Barkeeper Nation, Chris jest architektem wielu wyj\u0105tkowych i pysznych koktajli, kt\u00f3re znajdziesz na naszej stronie. Jego dba\u0142o\u015b\u0107 o szczeg\u00f3\u0142y i przywi\u0105zanie do \u0142atwych do wykonania przepis\u00f3w sprawiaj\u0105, \u017ce nasi go\u015bcie mog\u0105 z \u0142atwo\u015bci\u0105 powiela\u0107 jego kreacje, niezale\u017cnie od ich do\u015bwiadczenia.<\/p>\t\t\t\t\t\t<\/div>\n\t\t\t\t<\/div>\n\t\t\t\t<div class=\"elementor-element elementor-element-d78393c elementor-widget elementor-widget-heading\" data-id=\"d78393c\" data-element_type=\"widget\" data-widget_type=\"heading.default\">\n\t\t\t\t<div class=\"elementor-widget-container\">\n\t\t\t<h2 class=\"elementor-heading-title elementor-size-default\">Prostota \u0142\u0105czy si\u0119 z doskona\u0142o\u015bci\u0105<\/h2>\t\t<\/div>\n\t\t\t\t<\/div>\n\t\t\t\t<div class=\"elementor-element elementor-element-c3fb6a3 elementor-widget elementor-widget-text-editor\" data-id=\"c3fb6a3\" data-element_type=\"widget\" data-widget_type=\"text-editor.default\">\n\t\t\t\t<div class=\"elementor-widget-container\">\n\t\t\t\t\t\t\t<p>Filozofia Chrisa jest prosta: tworzenie pysznych koktajli powinno by\u0107 dost\u0119pne dla ka\u017cdego. Wierzy, \u017ce \u015bwietny koktajl nie musi by\u0107 skomplikowany ani wymaga\u0107 d\u0142ugiej listy sk\u0142adnik\u00f3w. Zamiast tego skupia si\u0119 na tworzeniu przepis\u00f3w, kt\u00f3re ka\u017cdy mo\u017ce odtworzy\u0107. Rezultatem s\u0105 drinki, kt\u00f3rych przygotowanie jest r\u00f3wnie przyjemne, jak ich spo\u017cywanie.<\/p>\t\t\t\t\t\t<\/div>\n\t\t\t\t<\/div>\n\t\t\t\t\t<\/div>\n\t\t<\/div>\n\t\t\t\t\t\t\t<\/div>\n\t\t<\/section>\n\t\t\t\t\t\t\t<\/div>\n\t\t","protected":false},"excerpt":{"rendered":"<p>Chris Poznaj Chrisa, jednego z pasjonat\u00f3w stoj\u0105cych za Barkeeper Nation. Dzi\u0119ki swojemu niezachwianemu oddaniu sztuce miksologii i talentowi do opracowywania wyj\u0105tkowych receptur koktajli, Chris jest integraln\u0105 cz\u0119\u015bci\u0105 naszego zespo\u0142u. Co sprawia, \u017ce Chris jest tak wyj\u0105tkowy dla Barkeeper Nation? Podr\u00f3\u017c Chrisa do \u015bwiata barma\u0144stwa i miksologii rozpocz\u0119\u0142a si\u0119 jako osobiste d\u0105\u017cenie do odkrywania nieograniczonego \u015bwiata [&hellip;]<\/p>\n","protected":false},"author":2,"featured_media":0,"parent":0,"menu_order":0,"comment_status":"closed","ping_status":"closed","template":"elementor_header_footer","meta":{"_acf_changed":false,"footnotes":""},"class_list":["post-69266","page","type-page","status-publish","hentry"],"acf":[],"yoast_head":"<!-- This site is optimized with the Yoast SEO plugin v22.4 - https:\/\/yoast.com\/wordpress\/plugins\/seo\/ -->\n<title>Chris - Barkeeper Nation<\/title>\n<meta name=\"robots\" content=\"index, follow, max-snippet:-1, max-image-preview:large, max-video-preview:-1\" \/>\n<link rel=\"canonical\" href=\"https:\/\/barkeepernation.com\/pl\/chris\/\" \/>\n<meta property=\"og:locale\" content=\"pl_PL\" \/>\n<meta property=\"og:type\" content=\"article\" \/>\n<meta property=\"og:title\" content=\"Chris - Barkeeper Nation\" \/>\n<meta property=\"og:description\" content=\"Chris Poznaj Chrisa, jednego z pasjonat\u00f3w stoj\u0105cych za Barkeeper Nation. Dzi\u0119ki swojemu niezachwianemu oddaniu sztuce miksologii i talentowi do opracowywania wyj\u0105tkowych receptur koktajli, Chris jest integraln\u0105 cz\u0119\u015bci\u0105 naszego zespo\u0142u. Co sprawia, \u017ce Chris jest tak wyj\u0105tkowy dla Barkeeper Nation? Podr\u00f3\u017c Chrisa do \u015bwiata barma\u0144stwa i miksologii rozpocz\u0119\u0142a si\u0119 jako osobiste d\u0105\u017cenie do odkrywania nieograniczonego \u015bwiata [&hellip;]\" \/>\n<meta property=\"og:url\" content=\"https:\/\/barkeepernation.com\/pl\/chris\/\" \/>\n<meta property=\"og:site_name\" content=\"Barkeeper Nation\" \/>\n<meta property=\"article:modified_time\" content=\"2023-11-04T14:11:28+00:00\" \/>\n<meta property=\"og:image\" content=\"https:\/\/barkeepernation.com\/wp-content\/uploads\/2023\/11\/chris-barkeeper-nation.png\" \/>\n<meta name=\"twitter:card\" content=\"summary_large_image\" \/>\n<meta name=\"twitter:label1\" content=\"Szacowany czas czytania\" \/>\n\t<meta name=\"twitter:data1\" content=\"2 minuty\" \/>\n<!-- \/ Yoast SEO plugin. -->","yoast_head_json":{"title":"Chris - Barkeeper Nation","robots":{"index":"index","follow":"follow","max-snippet":"max-snippet:-1","max-image-preview":"max-image-preview:large","max-video-preview":"max-video-preview:-1"},"canonical":"https:\/\/barkeepernation.com\/pl\/chris\/","og_locale":"pl_PL","og_type":"article","og_title":"Chris - Barkeeper Nation","og_description":"Chris Poznaj Chrisa, jednego z pasjonat\u00f3w stoj\u0105cych za Barkeeper Nation. Dzi\u0119ki swojemu niezachwianemu oddaniu sztuce miksologii i talentowi do opracowywania wyj\u0105tkowych receptur koktajli, Chris jest integraln\u0105 cz\u0119\u015bci\u0105 naszego zespo\u0142u. Co sprawia, \u017ce Chris jest tak wyj\u0105tkowy dla Barkeeper Nation? Podr\u00f3\u017c Chrisa do \u015bwiata barma\u0144stwa i miksologii rozpocz\u0119\u0142a si\u0119 jako osobiste d\u0105\u017cenie do odkrywania nieograniczonego \u015bwiata [&hellip;]","og_url":"https:\/\/barkeepernation.com\/pl\/chris\/","og_site_name":"Barkeeper Nation","article_modified_time":"2023-11-04T14:11:28+00:00","og_image":[{"url":"https:\/\/barkeepernation.com\/wp-content\/uploads\/2023\/11\/chris-barkeeper-nation.png"}],"twitter_card":"summary_large_image","twitter_misc":{"Szacowany czas czytania":"2 minuty"},"schema":{"@context":"https:\/\/schema.org","@graph":[{"@type":"WebPage","@id":"https:\/\/barkeepernation.com\/pl\/chris\/","url":"https:\/\/barkeepernation.com\/pl\/chris\/","name":"Chris - Barkeeper Nation","isPartOf":{"@id":"https:\/\/barkeepernation.com\/pl\/#website"},"primaryImageOfPage":{"@id":"https:\/\/barkeepernation.com\/pl\/chris\/#primaryimage"},"image":{"@id":"https:\/\/barkeepernation.com\/pl\/chris\/#primaryimage"},"thumbnailUrl":"https:\/\/barkeepernation.com\/wp-content\/uploads\/2023\/11\/chris-barkeeper-nation.png","datePublished":"2023-11-02T20:18:00+00:00","dateModified":"2023-11-04T14:11:28+00:00","breadcrumb":{"@id":"https:\/\/barkeepernation.com\/pl\/chris\/#breadcrumb"},"inLanguage":"pl-PL","potentialAction":[{"@type":"ReadAction","target":["https:\/\/barkeepernation.com\/pl\/chris\/"]}]},{"@type":"ImageObject","inLanguage":"pl-PL","@id":"https:\/\/barkeepernation.com\/pl\/chris\/#primaryimage","url":"https:\/\/barkeepernation.com\/wp-content\/uploads\/2023\/11\/chris-barkeeper-nation.png","contentUrl":"https:\/\/barkeepernation.com\/wp-content\/uploads\/2023\/11\/chris-barkeeper-nation.png"},{"@type":"BreadcrumbList","@id":"https:\/\/barkeepernation.com\/pl\/chris\/#breadcrumb","itemListElement":[{"@type":"ListItem","position":1,"name":"Startseite","item":"https:\/\/barkeepernation.com\/pl\/"},{"@type":"ListItem","position":2,"name":"Chris"}]},{"@type":"WebSite","@id":"https:\/\/barkeepernation.com\/pl\/#website","url":"https:\/\/barkeepernation.com\/pl\/","name":"Barkeeper Nation","description":"Online Cocktail Recipes","publisher":{"@id":"https:\/\/barkeepernation.com\/pl\/#organization"},"potentialAction":[{"@type":"SearchAction","target":{"@type":"EntryPoint","urlTemplate":"https:\/\/barkeepernation.com\/pl\/?s={search_term_string}"},"query-input":"required name=search_term_string"}],"inLanguage":"pl-PL"},{"@type":"Organization","@id":"https:\/\/barkeepernation.com\/pl\/#organization","name":"Barkeeper Nation","url":"https:\/\/barkeepernation.com\/pl\/","logo":{"@type":"ImageObject","inLanguage":"pl-PL","@id":"https:\/\/barkeepernation.com\/pl\/#\/schema\/logo\/image\/","url":"https:\/\/barkeepernation.com\/wp-content\/uploads\/2022\/12\/barkeeper-nation-logo.png","contentUrl":"https:\/\/barkeepernation.com\/wp-content\/uploads\/2022\/12\/barkeeper-nation-logo.png","width":1024,"height":392,"caption":"Barkeeper Nation"},"image":{"@id":"https:\/\/barkeepernation.com\/pl\/#\/schema\/logo\/image\/"}}]}},"_links":{"self":[{"href":"https:\/\/barkeepernation.com\/pl\/wp-json\/wp\/v2\/pages\/69266","targetHints":{"allow":["GET"]}}],"collection":[{"href":"https:\/\/barkeepernation.com\/pl\/wp-json\/wp\/v2\/pages"}],"about":[{"href":"https:\/\/barkeepernation.com\/pl\/wp-json\/wp\/v2\/types\/page"}],"author":[{"embeddable":true,"href":"https:\/\/barkeepernation.com\/pl\/wp-json\/wp\/v2\/users\/2"}],"replies":[{"embeddable":true,"href":"https:\/\/barkeepernation.com\/pl\/wp-json\/wp\/v2\/comments?post=69266"}],"version-history":[{"count":0,"href":"https:\/\/barkeepernation.com\/pl\/wp-json\/wp\/v2\/pages\/69266\/revisions"}],"wp:attachment":[{"href":"https:\/\/barkeepernation.com\/pl\/wp-json\/wp\/v2\/media?parent=69266"}],"curies":[{"name":"wp","href":"https:\/\/api.w.org\/{rel}","templated":true}]}}