{"id":69301,"date":"2023-11-03T20:19:37","date_gmt":"2023-11-03T19:19:37","guid":{"rendered":"https:\/\/barkeepernation.com\/?page_id=69301"},"modified":"2023-11-04T15:14:50","modified_gmt":"2023-11-04T14:14:50","slug":"tim","status":"publish","type":"page","link":"https:\/\/barkeepernation.com\/pl\/tim\/","title":{"rendered":"Tim"},"content":{"rendered":"\t\t<div data-elementor-type=\"wp-page\" data-elementor-id=\"69301\" class=\"elementor elementor-69301 elementor-69296\">\n\t\t\t\t\t\t\t\t\t<section class=\"elementor-section elementor-top-section elementor-element elementor-element-329f999 elementor-section-height-min-height elementor-section-boxed elementor-section-height-default elementor-section-items-middle\" data-id=\"329f999\" data-element_type=\"section\" data-settings=\"{&quot;jet_parallax_layout_list&quot;:[{&quot;jet_parallax_layout_image&quot;:{&quot;url&quot;:&quot;&quot;,&quot;id&quot;:&quot;&quot;,&quot;size&quot;:&quot;&quot;},&quot;_id&quot;:&quot;1cd1c51&quot;,&quot;jet_parallax_layout_image_tablet&quot;:{&quot;url&quot;:&quot;&quot;,&quot;id&quot;:&quot;&quot;,&quot;size&quot;:&quot;&quot;},&quot;jet_parallax_layout_image_mobile&quot;:{&quot;url&quot;:&quot;&quot;,&quot;id&quot;:&quot;&quot;,&quot;size&quot;:&quot;&quot;},&quot;jet_parallax_layout_speed&quot;:{&quot;unit&quot;:&quot;%&quot;,&quot;size&quot;:50,&quot;sizes&quot;:[]},&quot;jet_parallax_layout_type&quot;:&quot;scroll&quot;,&quot;jet_parallax_layout_direction&quot;:null,&quot;jet_parallax_layout_fx_direction&quot;:null,&quot;jet_parallax_layout_z_index&quot;:&quot;&quot;,&quot;jet_parallax_layout_bg_x&quot;:50,&quot;jet_parallax_layout_bg_x_tablet&quot;:&quot;&quot;,&quot;jet_parallax_layout_bg_x_mobile&quot;:&quot;&quot;,&quot;jet_parallax_layout_bg_y&quot;:50,&quot;jet_parallax_layout_bg_y_tablet&quot;:&quot;&quot;,&quot;jet_parallax_layout_bg_y_mobile&quot;:&quot;&quot;,&quot;jet_parallax_layout_bg_size&quot;:&quot;auto&quot;,&quot;jet_parallax_layout_bg_size_tablet&quot;:&quot;&quot;,&quot;jet_parallax_layout_bg_size_mobile&quot;:&quot;&quot;,&quot;jet_parallax_layout_animation_prop&quot;:&quot;transform&quot;,&quot;jet_parallax_layout_on&quot;:[&quot;desktop&quot;,&quot;tablet&quot;]}],&quot;background_background&quot;:&quot;classic&quot;}\">\n\t\t\t\t\t\t\t<div class=\"elementor-background-overlay\"><\/div>\n\t\t\t\t\t\t\t<div class=\"elementor-container elementor-column-gap-no\">\n\t\t\t\t\t<div class=\"elementor-column elementor-col-100 elementor-top-column elementor-element elementor-element-de655fe\" data-id=\"de655fe\" data-element_type=\"column\">\n\t\t\t<div class=\"elementor-widget-wrap elementor-element-populated\">\n\t\t\t\t\t\t\t\t<section class=\"elementor-section elementor-inner-section elementor-element elementor-element-79a92e9 elementor-section-boxed elementor-section-height-default elementor-section-height-default\" data-id=\"79a92e9\" data-element_type=\"section\" data-settings=\"{&quot;jet_parallax_layout_list&quot;:[]}\">\n\t\t\t\t\t\t<div class=\"elementor-container elementor-column-gap-default\">\n\t\t\t\t\t<div class=\"elementor-column elementor-col-33 elementor-inner-column elementor-element elementor-element-d6efb85\" data-id=\"d6efb85\" data-element_type=\"column\">\n\t\t\t<div class=\"elementor-widget-wrap\">\n\t\t\t\t\t\t\t\t\t<\/div>\n\t\t<\/div>\n\t\t\t\t<div class=\"elementor-column elementor-col-33 elementor-inner-column elementor-element elementor-element-85da35b\" data-id=\"85da35b\" data-element_type=\"column\">\n\t\t\t<div class=\"elementor-widget-wrap elementor-element-populated\">\n\t\t\t\t\t\t\t\t<div class=\"elementor-element elementor-element-d3d0f8c elementor-widget elementor-widget-heading\" data-id=\"d3d0f8c\" data-element_type=\"widget\" data-widget_type=\"heading.default\">\n\t\t\t\t<div class=\"elementor-widget-container\">\n\t\t\t<style>\/*! elementor - v3.11.4 - 12-03-2023 *\/\n.elementor-heading-title{padding:0;margin:0;line-height:1}.elementor-widget-heading .elementor-heading-title[class*=elementor-size-]>a{color:inherit;font-size:inherit;line-height:inherit}.elementor-widget-heading .elementor-heading-title.elementor-size-small{font-size:15px}.elementor-widget-heading .elementor-heading-title.elementor-size-medium{font-size:19px}.elementor-widget-heading .elementor-heading-title.elementor-size-large{font-size:29px}.elementor-widget-heading .elementor-heading-title.elementor-size-xl{font-size:39px}.elementor-widget-heading .elementor-heading-title.elementor-size-xxl{font-size:59px}<\/style><h1 class=\"elementor-heading-title elementor-size-default\">Tim<\/h1>\t\t<\/div>\n\t\t\t\t<\/div>\n\t\t\t\t<div class=\"elementor-element elementor-element-e611a8a elementor-align-center elementor-widget elementor-widget-raven-divider\" data-id=\"e611a8a\" data-element_type=\"widget\" data-widget_type=\"raven-divider.default\">\n\t\t\t\t<div class=\"elementor-widget-container\">\n\t\t\t\t\t<div class=\"raven-widget-wrapper\">\n\t\t\t<div class=\"raven-divider\">\n\t\t\t\t<span class=\"raven-divider-line raven-divider-solid\"><\/span>\n\t\t\t<\/div>\n\t\t<\/div>\n\t\t\t\t<\/div>\n\t\t\t\t<\/div>\n\t\t\t\t\t<\/div>\n\t\t<\/div>\n\t\t\t\t<div class=\"elementor-column elementor-col-33 elementor-inner-column elementor-element elementor-element-f1c04b8\" data-id=\"f1c04b8\" data-element_type=\"column\">\n\t\t\t<div class=\"elementor-widget-wrap\">\n\t\t\t\t\t\t\t\t\t<\/div>\n\t\t<\/div>\n\t\t\t\t\t\t\t<\/div>\n\t\t<\/section>\n\t\t\t\t\t<\/div>\n\t\t<\/div>\n\t\t\t\t\t\t\t<\/div>\n\t\t<\/section>\n\t\t\t\t<section class=\"elementor-section elementor-top-section elementor-element elementor-element-ce6a952 elementor-section-boxed elementor-section-height-default elementor-section-height-default\" data-id=\"ce6a952\" data-element_type=\"section\" data-settings=\"{&quot;jet_parallax_layout_list&quot;:[]}\">\n\t\t\t\t\t\t<div class=\"elementor-container elementor-column-gap-default\">\n\t\t\t\t\t<div class=\"elementor-column elementor-col-100 elementor-top-column elementor-element elementor-element-fb08776\" data-id=\"fb08776\" data-element_type=\"column\">\n\t\t\t<div class=\"elementor-widget-wrap elementor-element-populated\">\n\t\t\t\t\t\t\t\t<section class=\"elementor-section elementor-inner-section elementor-element elementor-element-279dcfd elementor-section-boxed elementor-section-height-default elementor-section-height-default\" data-id=\"279dcfd\" data-element_type=\"section\" data-settings=\"{&quot;jet_parallax_layout_list&quot;:[]}\">\n\t\t\t\t\t\t<div class=\"elementor-container elementor-column-gap-default\">\n\t\t\t\t\t<div class=\"elementor-column elementor-col-50 elementor-inner-column elementor-element elementor-element-bdbcd69\" data-id=\"bdbcd69\" data-element_type=\"column\">\n\t\t\t<div class=\"elementor-widget-wrap elementor-element-populated\">\n\t\t\t\t\t\t\t\t<div class=\"elementor-element elementor-element-ceac6b6 elementor-widget elementor-widget-text-editor\" data-id=\"ceac6b6\" data-element_type=\"widget\" data-widget_type=\"text-editor.default\">\n\t\t\t\t<div class=\"elementor-widget-container\">\n\t\t\t<style>\/*! elementor - v3.11.4 - 12-03-2023 *\/\n.elementor-widget-text-editor.elementor-drop-cap-view-stacked .elementor-drop-cap{background-color:#818a91;color:#fff}.elementor-widget-text-editor.elementor-drop-cap-view-framed .elementor-drop-cap{color:#818a91;border:3px solid;background-color:transparent}.elementor-widget-text-editor:not(.elementor-drop-cap-view-default) .elementor-drop-cap{margin-top:8px}.elementor-widget-text-editor:not(.elementor-drop-cap-view-default) .elementor-drop-cap-letter{width:1em;height:1em}.elementor-widget-text-editor .elementor-drop-cap{float:left;text-align:center;line-height:1;font-size:50px}.elementor-widget-text-editor .elementor-drop-cap-letter{display:inline-block}<\/style>\t\t\t\t<p>Poznaj Tima, niezast\u0105pionego cz\u0142onka zespo\u0142u Barkeeper Nation. Dzi\u0119ki swojej wielkiej mi\u0142o\u015bci do sztuki miksologii i talentowi do tworzenia porywaj\u0105cych przepis\u00f3w na koktajle, Tim odgrywa wa\u017cn\u0105 rol\u0119 w naszym zespole.<\/p>\t\t\t\t\t\t<\/div>\n\t\t\t\t<\/div>\n\t\t\t\t<div class=\"elementor-element elementor-element-db245eb elementor-widget elementor-widget-heading\" data-id=\"db245eb\" data-element_type=\"widget\" data-widget_type=\"heading.default\">\n\t\t\t\t<div class=\"elementor-widget-container\">\n\t\t\t<h2 class=\"elementor-heading-title elementor-size-default\">Niezwyk\u0142y barman<\/h2>\t\t<\/div>\n\t\t\t\t<\/div>\n\t\t\t\t<div class=\"elementor-element elementor-element-8bc33d6 elementor-widget elementor-widget-text-editor\" data-id=\"8bc33d6\" data-element_type=\"widget\" data-widget_type=\"text-editor.default\">\n\t\t\t\t<div class=\"elementor-widget-container\">\n\t\t\t\t\t\t\t<p>Podr\u00f3\u017c Tima do \u015bwiata barma\u0144stwa i miksologii rozpocz\u0119\u0142a si\u0119 od prawdziwej pasji do tworzenia wyj\u0105tkowych drink\u00f3w. Dzi\u0119ki swojemu wieloletniemu do\u015bwiadczeniu rozwin\u0105\u0142 g\u0142\u0119bokie zrozumienie kombinacji smakowych i niesamowit\u0105 zdolno\u015b\u0107 do tworzenia koktajli, kt\u00f3re s\u0105 r\u00f3wnie osza\u0142amiaj\u0105ce wizualnie, jak i smakowo.<\/p>\t\t\t\t\t\t<\/div>\n\t\t\t\t<\/div>\n\t\t\t\t\t<\/div>\n\t\t<\/div>\n\t\t\t\t<div class=\"elementor-column elementor-col-50 elementor-inner-column elementor-element elementor-element-7f412c3\" data-id=\"7f412c3\" data-element_type=\"column\">\n\t\t\t<div class=\"elementor-widget-wrap elementor-element-populated\">\n\t\t\t\t\t\t\t\t<div class=\"elementor-element elementor-element-89d86e0 elementor-widget elementor-widget-image\" data-id=\"89d86e0\" data-element_type=\"widget\" data-widget_type=\"image.default\">\n\t\t\t\t<div class=\"elementor-widget-container\">\n\t\t\t<style>\/*! elementor - v3.11.4 - 12-03-2023 *\/\n.elementor-widget-image{text-align:center}.elementor-widget-image a{display:inline-block}.elementor-widget-image a img[src$=\".svg\"]{width:48px}.elementor-widget-image img{vertical-align:middle;display:inline-block}<\/style>\t\t\t\t\t\t\t\t\t\t\t\t<img decoding=\"async\" width=\"1000\" height=\"1000\" src=\"https:\/\/barkeepernation.com\/wp-content\/uploads\/2023\/11\/tim-barkeeper-nation.png\" class=\"attachment-large size-large wp-image-69278\" alt=\"tim-barkeeper-nation\" srcset=\"https:\/\/barkeepernation.com\/wp-content\/uploads\/2023\/11\/tim-barkeeper-nation.png 1000w, https:\/\/barkeepernation.com\/wp-content\/uploads\/2023\/11\/tim-barkeeper-nation-300x300.png 300w, https:\/\/barkeepernation.com\/wp-content\/uploads\/2023\/11\/tim-barkeeper-nation-150x150.png 150w, https:\/\/barkeepernation.com\/wp-content\/uploads\/2023\/11\/tim-barkeeper-nation-768x768.png 768w, https:\/\/barkeepernation.com\/wp-content\/uploads\/2023\/11\/tim-barkeeper-nation-500x500.png 500w, https:\/\/barkeepernation.com\/wp-content\/uploads\/2023\/11\/elementor\/thumbs\/tim-barkeeper-nation-qes96boova91173kyc5xi0rtceiz0ffn3mimjein98.png 70w\" sizes=\"(max-width: 1000px) 100vw, 1000px\" \/>\t\t\t\t\t\t\t\t\t\t\t\t\t\t\t<\/div>\n\t\t\t\t<\/div>\n\t\t\t\t\t<\/div>\n\t\t<\/div>\n\t\t\t\t\t\t\t<\/div>\n\t\t<\/section>\n\t\t\t\t<div class=\"elementor-element elementor-element-468f1bd elementor-widget elementor-widget-heading\" data-id=\"468f1bd\" data-element_type=\"widget\" data-widget_type=\"heading.default\">\n\t\t\t\t<div class=\"elementor-widget-container\">\n\t\t\t<h2 class=\"elementor-heading-title elementor-size-default\">Si\u0142a kreatywno\u015bci<\/h2>\t\t<\/div>\n\t\t\t\t<\/div>\n\t\t\t\t<div class=\"elementor-element elementor-element-039b6a9 elementor-widget elementor-widget-text-editor\" data-id=\"039b6a9\" data-element_type=\"widget\" data-widget_type=\"text-editor.default\">\n\t\t\t\t<div class=\"elementor-widget-container\">\n\t\t\t\t\t\t\t<p>W Barkeeper Nation Tim pe\u0142ni rol\u0119 si\u0142y tw\u00f3rczej. Jako do\u015bwiadczony barman, tw\u00f3rca przepis\u00f3w i zapalony fotograf, \u0142\u0105czy swoj\u0105 wiedz\u0119, aby opracowywa\u0107 przepisy, kt\u00f3re s\u0105 nie tylko \u0142atwe do wykonania, ale tak\u017ce atrakcyjne wizualnie. Zaanga\u017cowanie Tima w estetyk\u0119 koktajli gwarantuje, \u017ce tw\u00f3j nap\u00f3j nie tylko smakuje wy\u015bmienicie, ale jest tak\u017ce uczt\u0105 dla oczu.<\/p>\t\t\t\t\t\t<\/div>\n\t\t\t\t<\/div>\n\t\t\t\t<div class=\"elementor-element elementor-element-d78393c elementor-widget elementor-widget-heading\" data-id=\"d78393c\" data-element_type=\"widget\" data-widget_type=\"heading.default\">\n\t\t\t\t<div class=\"elementor-widget-container\">\n\t\t\t<h2 class=\"elementor-heading-title elementor-size-default\">Prostota \u0142\u0105czy si\u0119 z estetyk\u0105<\/h2>\t\t<\/div>\n\t\t\t\t<\/div>\n\t\t\t\t<div class=\"elementor-element elementor-element-c3fb6a3 elementor-widget elementor-widget-text-editor\" data-id=\"c3fb6a3\" data-element_type=\"widget\" data-widget_type=\"text-editor.default\">\n\t\t\t\t<div class=\"elementor-widget-container\">\n\t\t\t\t\t\t\t<p>Tim jest przekonany, \u017ce dobrze przygotowany koktajl mo\u017ce by\u0107 prosty, ale elegancki. Jego podej\u015bcie do miksologii opiera si\u0119 na za\u0142o\u017ceniu, \u017ce ka\u017cdy mo\u017ce cieszy\u0107 si\u0119 sztuk\u0105 tworzenia koktajli, niezale\u017cnie od poziomu do\u015bwiadczenia. D\u0105\u017cy do tego, aby jego przepisy by\u0142y przyst\u0119pne, tak aby ka\u017cdy m\u00f3g\u0142 z \u0142atwo\u015bci\u0105 odtworzy\u0107 jego arcydzie\u0142a.<\/p>\t\t\t\t\t\t<\/div>\n\t\t\t\t<\/div>\n\t\t\t\t\t<\/div>\n\t\t<\/div>\n\t\t\t\t\t\t\t<\/div>\n\t\t<\/section>\n\t\t\t\t\t\t\t<\/div>\n\t\t","protected":false},"excerpt":{"rendered":"<p>Tim Poznaj Tima, niezast\u0105pionego cz\u0142onka zespo\u0142u Barkeeper Nation. Dzi\u0119ki swojej wielkiej mi\u0142o\u015bci do sztuki miksologii i talentowi do tworzenia porywaj\u0105cych przepis\u00f3w na koktajle, Tim odgrywa wa\u017cn\u0105 rol\u0119 w naszym zespole. Niezwyk\u0142y barman Podr\u00f3\u017c Tima do \u015bwiata barma\u0144stwa i miksologii rozpocz\u0119\u0142a si\u0119 od prawdziwej pasji do tworzenia wyj\u0105tkowych drink\u00f3w. Dzi\u0119ki swojemu wieloletniemu do\u015bwiadczeniu rozwin\u0105\u0142 g\u0142\u0119bokie zrozumienie [&hellip;]<\/p>\n","protected":false},"author":2,"featured_media":0,"parent":0,"menu_order":0,"comment_status":"closed","ping_status":"closed","template":"elementor_header_footer","meta":{"_acf_changed":false,"footnotes":""},"class_list":["post-69301","page","type-page","status-publish","hentry"],"acf":[],"yoast_head":"<!-- This site is optimized with the Yoast SEO plugin v22.4 - https:\/\/yoast.com\/wordpress\/plugins\/seo\/ -->\n<title>Tim - Barkeeper Nation<\/title>\n<meta name=\"robots\" content=\"index, follow, max-snippet:-1, max-image-preview:large, max-video-preview:-1\" \/>\n<link rel=\"canonical\" href=\"https:\/\/barkeepernation.com\/pl\/tim\/\" \/>\n<meta property=\"og:locale\" content=\"pl_PL\" \/>\n<meta property=\"og:type\" content=\"article\" \/>\n<meta property=\"og:title\" content=\"Tim - Barkeeper Nation\" \/>\n<meta property=\"og:description\" content=\"Tim Poznaj Tima, niezast\u0105pionego cz\u0142onka zespo\u0142u Barkeeper Nation. Dzi\u0119ki swojej wielkiej mi\u0142o\u015bci do sztuki miksologii i talentowi do tworzenia porywaj\u0105cych przepis\u00f3w na koktajle, Tim odgrywa wa\u017cn\u0105 rol\u0119 w naszym zespole. Niezwyk\u0142y barman Podr\u00f3\u017c Tima do \u015bwiata barma\u0144stwa i miksologii rozpocz\u0119\u0142a si\u0119 od prawdziwej pasji do tworzenia wyj\u0105tkowych drink\u00f3w. Dzi\u0119ki swojemu wieloletniemu do\u015bwiadczeniu rozwin\u0105\u0142 g\u0142\u0119bokie zrozumienie [&hellip;]\" \/>\n<meta property=\"og:url\" content=\"https:\/\/barkeepernation.com\/pl\/tim\/\" \/>\n<meta property=\"og:site_name\" content=\"Barkeeper Nation\" \/>\n<meta property=\"article:modified_time\" content=\"2023-11-04T14:14:50+00:00\" \/>\n<meta property=\"og:image\" content=\"https:\/\/barkeepernation.com\/wp-content\/uploads\/2023\/11\/tim-barkeeper-nation.png\" \/>\n<meta name=\"twitter:card\" content=\"summary_large_image\" \/>\n<meta name=\"twitter:label1\" content=\"Szacowany czas czytania\" \/>\n\t<meta name=\"twitter:data1\" content=\"1 minuta\" \/>\n<!-- \/ Yoast SEO plugin. -->","yoast_head_json":{"title":"Tim - Barkeeper Nation","robots":{"index":"index","follow":"follow","max-snippet":"max-snippet:-1","max-image-preview":"max-image-preview:large","max-video-preview":"max-video-preview:-1"},"canonical":"https:\/\/barkeepernation.com\/pl\/tim\/","og_locale":"pl_PL","og_type":"article","og_title":"Tim - Barkeeper Nation","og_description":"Tim Poznaj Tima, niezast\u0105pionego cz\u0142onka zespo\u0142u Barkeeper Nation. Dzi\u0119ki swojej wielkiej mi\u0142o\u015bci do sztuki miksologii i talentowi do tworzenia porywaj\u0105cych przepis\u00f3w na koktajle, Tim odgrywa wa\u017cn\u0105 rol\u0119 w naszym zespole. Niezwyk\u0142y barman Podr\u00f3\u017c Tima do \u015bwiata barma\u0144stwa i miksologii rozpocz\u0119\u0142a si\u0119 od prawdziwej pasji do tworzenia wyj\u0105tkowych drink\u00f3w. Dzi\u0119ki swojemu wieloletniemu do\u015bwiadczeniu rozwin\u0105\u0142 g\u0142\u0119bokie zrozumienie [&hellip;]","og_url":"https:\/\/barkeepernation.com\/pl\/tim\/","og_site_name":"Barkeeper Nation","article_modified_time":"2023-11-04T14:14:50+00:00","og_image":[{"url":"https:\/\/barkeepernation.com\/wp-content\/uploads\/2023\/11\/tim-barkeeper-nation.png"}],"twitter_card":"summary_large_image","twitter_misc":{"Szacowany czas czytania":"1 minuta"},"schema":{"@context":"https:\/\/schema.org","@graph":[{"@type":"WebPage","@id":"https:\/\/barkeepernation.com\/pl\/tim\/","url":"https:\/\/barkeepernation.com\/pl\/tim\/","name":"Tim - Barkeeper Nation","isPartOf":{"@id":"https:\/\/barkeepernation.com\/pl\/#website"},"primaryImageOfPage":{"@id":"https:\/\/barkeepernation.com\/pl\/tim\/#primaryimage"},"image":{"@id":"https:\/\/barkeepernation.com\/pl\/tim\/#primaryimage"},"thumbnailUrl":"https:\/\/barkeepernation.com\/wp-content\/uploads\/2023\/11\/tim-barkeeper-nation.png","datePublished":"2023-11-03T19:19:37+00:00","dateModified":"2023-11-04T14:14:50+00:00","breadcrumb":{"@id":"https:\/\/barkeepernation.com\/pl\/tim\/#breadcrumb"},"inLanguage":"pl-PL","potentialAction":[{"@type":"ReadAction","target":["https:\/\/barkeepernation.com\/pl\/tim\/"]}]},{"@type":"ImageObject","inLanguage":"pl-PL","@id":"https:\/\/barkeepernation.com\/pl\/tim\/#primaryimage","url":"https:\/\/barkeepernation.com\/wp-content\/uploads\/2023\/11\/tim-barkeeper-nation.png","contentUrl":"https:\/\/barkeepernation.com\/wp-content\/uploads\/2023\/11\/tim-barkeeper-nation.png"},{"@type":"BreadcrumbList","@id":"https:\/\/barkeepernation.com\/pl\/tim\/#breadcrumb","itemListElement":[{"@type":"ListItem","position":1,"name":"Startseite","item":"https:\/\/barkeepernation.com\/pl\/"},{"@type":"ListItem","position":2,"name":"Tim"}]},{"@type":"WebSite","@id":"https:\/\/barkeepernation.com\/pl\/#website","url":"https:\/\/barkeepernation.com\/pl\/","name":"Barkeeper Nation","description":"Online Cocktail Recipes","publisher":{"@id":"https:\/\/barkeepernation.com\/pl\/#organization"},"potentialAction":[{"@type":"SearchAction","target":{"@type":"EntryPoint","urlTemplate":"https:\/\/barkeepernation.com\/pl\/?s={search_term_string}"},"query-input":"required name=search_term_string"}],"inLanguage":"pl-PL"},{"@type":"Organization","@id":"https:\/\/barkeepernation.com\/pl\/#organization","name":"Barkeeper Nation","url":"https:\/\/barkeepernation.com\/pl\/","logo":{"@type":"ImageObject","inLanguage":"pl-PL","@id":"https:\/\/barkeepernation.com\/pl\/#\/schema\/logo\/image\/","url":"https:\/\/barkeepernation.com\/wp-content\/uploads\/2022\/12\/barkeeper-nation-logo.png","contentUrl":"https:\/\/barkeepernation.com\/wp-content\/uploads\/2022\/12\/barkeeper-nation-logo.png","width":1024,"height":392,"caption":"Barkeeper Nation"},"image":{"@id":"https:\/\/barkeepernation.com\/pl\/#\/schema\/logo\/image\/"}}]}},"_links":{"self":[{"href":"https:\/\/barkeepernation.com\/pl\/wp-json\/wp\/v2\/pages\/69301","targetHints":{"allow":["GET"]}}],"collection":[{"href":"https:\/\/barkeepernation.com\/pl\/wp-json\/wp\/v2\/pages"}],"about":[{"href":"https:\/\/barkeepernation.com\/pl\/wp-json\/wp\/v2\/types\/page"}],"author":[{"embeddable":true,"href":"https:\/\/barkeepernation.com\/pl\/wp-json\/wp\/v2\/users\/2"}],"replies":[{"embeddable":true,"href":"https:\/\/barkeepernation.com\/pl\/wp-json\/wp\/v2\/comments?post=69301"}],"version-history":[{"count":0,"href":"https:\/\/barkeepernation.com\/pl\/wp-json\/wp\/v2\/pages\/69301\/revisions"}],"wp:attachment":[{"href":"https:\/\/barkeepernation.com\/pl\/wp-json\/wp\/v2\/media?parent=69301"}],"curies":[{"name":"wp","href":"https:\/\/api.w.org\/{rel}","templated":true}]}}